{"id":4645,"date":"2024-07-08T06:07:26","date_gmt":"2024-07-08T06:07:26","guid":{"rendered":"http:\/\/lmlawgroup.com\/services\/visiter\/"},"modified":"2024-10-08T14:39:25","modified_gmt":"2024-10-08T14:39:25","slug":"visiter","status":"publish","type":"page","link":"https:\/\/lmlawgroup.com\/fr\/services\/visiter\/","title":{"rendered":"Visiter"},"content":{"rendered":"\t\t<div data-elementor-type=\"wp-page\" data-elementor-id=\"4645\" class=\"elementor elementor-4645 elementor-582\" data-elementor-post-type=\"page\">\n\t\t\t\t<div class=\"elementor-element elementor-element-0547407 e-con-full e-flex e-con e-parent\" data-id=\"0547407\" data-element_type=\"container\" data-e-type=\"container\" data-settings=\"{&quot;background_background&quot;:&quot;classic&quot;}\">\n\t\t<div class=\"elementor-element elementor-element-1ed98fe e-flex e-con-boxed e-con e-child\" data-id=\"1ed98fe\" data-element_type=\"container\" data-e-type=\"container\">\n\t\t\t\t\t<div class=\"e-con-inner\">\n\t\t<div class=\"elementor-element elementor-element-272d1a3 services_badge--wrapper e-flex e-con-boxed e-con e-child\" data-id=\"272d1a3\" data-element_type=\"container\" data-e-type=\"container\">\n\t\t\t\t\t<div class=\"e-con-inner\">\n\t\t\t\t<div class=\"elementor-element elementor-element-f140959 services_badge elementor-widget elementor-widget-text-editor\" data-id=\"f140959\" data-element_type=\"widget\" data-e-type=\"widget\" data-widget_type=\"text-editor.default\">\n\t\t\t\t<div class=\"elementor-widget-container\">\n\t\t\t\t\t\t\t\t\t<p>Services<\/p>\n\t\t\t\t\t\t\t\t<\/div>\n\t\t\t\t<\/div>\n\t\t\t\t\t<\/div>\n\t\t\t\t<\/div>\n\t\t\t\t<div class=\"elementor-element elementor-element-971fd08 e-transform elementor-widget elementor-widget-heading\" data-id=\"971fd08\" data-element_type=\"widget\" data-e-type=\"widget\" data-settings=\"{&quot;_transform_scaleX_effect&quot;:{&quot;unit&quot;:&quot;px&quot;,&quot;size&quot;:&quot;&quot;,&quot;sizes&quot;:[]},&quot;_transform_scaleX_effect_tablet&quot;:{&quot;unit&quot;:&quot;px&quot;,&quot;size&quot;:&quot;&quot;,&quot;sizes&quot;:[]},&quot;_transform_scaleX_effect_mobile&quot;:{&quot;unit&quot;:&quot;px&quot;,&quot;size&quot;:&quot;&quot;,&quot;sizes&quot;:[]},&quot;_transform_scaleY_effect&quot;:{&quot;unit&quot;:&quot;px&quot;,&quot;size&quot;:&quot;&quot;,&quot;sizes&quot;:[]},&quot;_transform_scaleY_effect_tablet&quot;:{&quot;unit&quot;:&quot;px&quot;,&quot;size&quot;:&quot;&quot;,&quot;sizes&quot;:[]},&quot;_transform_scaleY_effect_mobile&quot;:{&quot;unit&quot;:&quot;px&quot;,&quot;size&quot;:&quot;&quot;,&quot;sizes&quot;:[]}}\" data-widget_type=\"heading.default\">\n\t\t\t\t<div class=\"elementor-widget-container\">\n\t\t\t\t\t<h1 class=\"elementor-heading-title elementor-size-default\">Visa de visiteur canadien<br><\/h1>\t\t\t\t<\/div>\n\t\t\t\t<\/div>\n\t\t\t\t\t<\/div>\n\t\t\t\t<\/div>\n\t\t\t\t<\/div>\n\t\t<div class=\"elementor-element elementor-element-78fdfbe e-con-full e-flex e-con e-parent\" data-id=\"78fdfbe\" data-element_type=\"container\" data-e-type=\"container\">\n\t\t<div class=\"elementor-element elementor-element-7fcccc0 e-flex e-con-boxed e-con e-child\" data-id=\"7fcccc0\" data-element_type=\"container\" data-e-type=\"container\">\n\t\t\t\t\t<div class=\"e-con-inner\">\n\t\t\t\t<div class=\"elementor-element elementor-element-d608e9a elementor-widget elementor-widget-heading\" data-id=\"d608e9a\" data-element_type=\"widget\" data-e-type=\"widget\" data-widget_type=\"heading.default\">\n\t\t\t\t<div class=\"elementor-widget-container\">\n\t\t\t\t\t<h1 class=\"elementor-heading-title elementor-size-default\">Je souhaite visiter le Canada en tant que touriste ou pour voir ma famille.<\/h1>\t\t\t\t<\/div>\n\t\t\t\t<\/div>\n\t\t\t\t<div class=\"elementor-element elementor-element-84dbb85 elementor-widget-mobile__width-inherit elementor-widget elementor-widget-text-editor\" data-id=\"84dbb85\" data-element_type=\"widget\" data-e-type=\"widget\" data-widget_type=\"text-editor.default\">\n\t\t\t\t<div class=\"elementor-widget-container\">\n\t\t\t\t\t\t\t\t\t<p>Les gens visitent souvent le Canada pour s&#8217;\u00e9merveiller de nos nombreuses attractions touristiques ou pour voir des membres de leur famille.<\/p>\n<p>Nous pouvons vous aider \u00e0 vous y retrouver dans la complexit\u00e9 de la demande de visa de visiteur et veiller \u00e0 ce que vous fournissiez toutes les informations n\u00e9cessaires.<\/p>\n\t\t\t\t\t\t\t\t<\/div>\n\t\t\t\t<\/div>\n\t\t\t\t\t<\/div>\n\t\t\t\t<\/div>\n\t\t<div class=\"elementor-element elementor-element-c05868d e-flex e-con-boxed e-con e-child\" data-id=\"c05868d\" data-element_type=\"container\" data-e-type=\"container\">\n\t\t\t\t\t<div class=\"e-con-inner\">\n\t\t<div class=\"elementor-element elementor-element-64e64fa e-flex e-con-boxed e-con e-child\" data-id=\"64e64fa\" data-element_type=\"container\" data-e-type=\"container\">\n\t\t\t\t\t<div class=\"e-con-inner\">\n\t\t\t\t<div class=\"elementor-element elementor-element-4352476 elementor-widget elementor-widget-heading\" data-id=\"4352476\" data-element_type=\"widget\" data-e-type=\"widget\" data-widget_type=\"heading.default\">\n\t\t\t\t<div class=\"elementor-widget-container\">\n\t\t\t\t\t<h1 class=\"elementor-heading-title elementor-size-default\">  Je souhaite me rendre au Canada pour des raisons professionnelles.<\/h1>\t\t\t\t<\/div>\n\t\t\t\t<\/div>\n\t\t\t\t<div class=\"elementor-element elementor-element-ec63b2d elementor-widget-mobile__width-inherit elementor-widget elementor-widget-text-editor\" data-id=\"ec63b2d\" data-element_type=\"widget\" data-e-type=\"widget\" data-widget_type=\"text-editor.default\">\n\t\t\t\t<div class=\"elementor-widget-container\">\n\t\t\t\t\t\t\t\t\t<p>Vous souhaitez peut-\u00eatre vous rendre au Canada pour visiter des sites potentiels en vue de d\u00e9velopper votre entreprise ou pour rencontrer d&#8217;autres professionnels dans le cadre d&#8217;un projet. La bonne nouvelle, c&#8217;est que les autorit\u00e9s canadiennes sont tr\u00e8s int\u00e9ress\u00e9es par les personnes qui souhaitent d\u00e9velopper leur entreprise et apporter une valeur ajout\u00e9e \u00e0 l&#8217;\u00e9conomie globale du pays en cr\u00e9ant des emplois. <\/p>\n<p>La n\u00e9cessit\u00e9 d&#8217;un permis de travail d\u00e9pend de vos projets et il est essentiel d&#8217;obtenir des conseils avant d&#8217;entreprendre des d\u00e9marches commerciales au Canada.<\/p>\n<p>En vous assurant d&#8217;avoir les documents appropri\u00e9s avant de quitter votre pays d&#8217;origine, vous aurez de bien meilleures chances d&#8217;effectuer une visite d&#8217;affaires sans tracas et prosp\u00e8re au Canada.<\/p>\n\t\t\t\t\t\t\t\t<\/div>\n\t\t\t\t<\/div>\n\t\t\t\t\t<\/div>\n\t\t\t\t<\/div>\n\t\t\t\t\t<\/div>\n\t\t\t\t<\/div>\n\t\t\t\t<\/div>\n\t\t<div class=\"elementor-element elementor-element-41fc1af e-flex e-con-boxed e-con e-parent\" data-id=\"41fc1af\" data-element_type=\"container\" data-e-type=\"container\">\n\t\t\t\t\t<div class=\"e-con-inner\">\n\t\t<div class=\"elementor-element elementor-element-1c27e61 e-flex e-con-boxed e-con e-child\" data-id=\"1c27e61\" data-element_type=\"container\" data-e-type=\"container\">\n\t\t\t\t\t<div class=\"e-con-inner\">\n\t\t<div class=\"elementor-element elementor-element-6c7f706 e-flex e-con-boxed e-con e-child\" data-id=\"6c7f706\" data-element_type=\"container\" data-e-type=\"container\">\n\t\t\t\t\t<div class=\"e-con-inner\">\n\t\t\t\t<div class=\"elementor-element elementor-element-cd24c97 elementor-widget__width-initial elementor-widget elementor-widget-heading\" data-id=\"cd24c97\" data-element_type=\"widget\" data-e-type=\"widget\" data-widget_type=\"heading.default\">\n\t\t\t\t<div class=\"elementor-widget-container\">\n\t\t\t\t\t<h1 class=\"elementor-heading-title elementor-size-default\">D\u00e9couvrez comment nous pouvons vous aider, prenez rendez-vous pour une consultation<\/h1>\t\t\t\t<\/div>\n\t\t\t\t<\/div>\n\t\t<div class=\"elementor-element elementor-element-bd5e543 e-flex e-con-boxed e-con e-child\" data-id=\"bd5e543\" data-element_type=\"container\" data-e-type=\"container\">\n\t\t\t\t\t<div class=\"e-con-inner\">\n\t\t\t\t<div class=\"elementor-element elementor-element-c03e216 elementor-align-right custom-btn elementor-widget elementor-widget-button\" data-id=\"c03e216\" data-element_type=\"widget\" data-e-type=\"widget\" data-widget_type=\"button.default\">\n\t\t\t\t<div class=\"elementor-widget-container\">\n\t\t\t\t\t\t\t\t\t<div class=\"elementor-button-wrapper\">\n\t\t\t\t\t<a class=\"elementor-button elementor-button-link elementor-size-sm\" href=\"https:\/\/lmlawgroup.com\/fr\/contact\/\">\n\t\t\t\t\t\t<span class=\"elementor-button-content-wrapper\">\n\t\t\t\t\t\t<span class=\"elementor-button-icon\">\n\t\t\t\t<svg xmlns=\"http:\/\/www.w3.org\/2000\/svg\" viewBox=\"0 0 14.28 24.48\"><defs><style>.cls-1{fill:#add136;}<\/style><\/defs><g id=\"Layer_2\" data-name=\"Layer 2\"><g id=\"Layer_1-2\" data-name=\"Layer 1\"><path class=\"cls-1\" d=\"M5.71,8.58a2,2,0,1,0,0-2.88,2,2,0,0,0,0,2.88M.61,3.48A2,2,0,0,0,3.49.6,2,2,0,0,0,.61,3.48M10.79,13.69a2,2,0,1,0,0-2.89,2.06,2.06,0,0,0,0,2.89M5.7,18.78a2,2,0,1,0,0-2.88,2,2,0,0,0,0,2.88M.6,23.88A2,2,0,1,0,.6,21a2,2,0,0,0,0,2.88\"><\/path><\/g><\/g><\/svg>\t\t\t<\/span>\n\t\t\t\t\t\t\t\t\t<span class=\"elementor-button-text\">Parlons-en<\/span>\n\t\t\t\t\t<\/span>\n\t\t\t\t\t<\/a>\n\t\t\t\t<\/div>\n\t\t\t\t\t\t\t\t<\/div>\n\t\t\t\t<\/div>\n\t\t\t\t\t<\/div>\n\t\t\t\t<\/div>\n\t\t\t\t\t<\/div>\n\t\t\t\t<\/div>\n\t\t\t\t\t<\/div>\n\t\t\t\t<\/div>\n\t\t\t\t\t<\/div>\n\t\t\t\t<\/div>\n\t\t\t\t<\/div>\n\t\t","protected":false},"excerpt":{"rendered":"<p>Services Visa de visiteur canadien Je souhaite visiter le Canada en tant que touriste ou pour voir ma famille. Les gens visitent souvent le Canada pour s&#8217;\u00e9merveiller de nos nombreuses attractions touristiques ou pour voir des membres de leur famille. Nous pouvons vous aider \u00e0 vous y retrouver dans la complexit\u00e9 de la demande de [&hellip;]<\/p>\n","protected":false},"author":4,"featured_media":0,"parent":4412,"menu_order":0,"comment_status":"closed","ping_status":"closed","template":"","meta":{"_acf_changed":false,"footnotes":""},"class_list":["post-4645","page","type-page","status-publish","hentry"],"acf":[],"yoast_head":"<!-- This site is optimized with the Yoast SEO plugin v27.4 - https:\/\/yoast.com\/product\/yoast-seo-wordpress\/ -->\n<title>Visiter - LM Law Group - Canadian Immigration Lawyers<\/title>\n<meta name=\"robots\" content=\"index, follow, max-snippet:-1, max-image-preview:large, max-video-preview:-1\" \/>\n<link rel=\"canonical\" href=\"https:\/\/lmlawgroup.com\/fr\/services\/visiter\/\" \/>\n<meta property=\"og:locale\" content=\"fr_FR\" \/>\n<meta property=\"og:type\" content=\"article\" \/>\n<meta property=\"og:title\" content=\"Visiter - LM Law Group - Canadian Immigration Lawyers\" \/>\n<meta property=\"og:description\" content=\"Services Visa de visiteur canadien Je souhaite visiter le Canada en tant que touriste ou pour voir ma famille. Les gens visitent souvent le Canada pour s&#8217;\u00e9merveiller de nos nombreuses attractions touristiques ou pour voir des membres de leur famille. Nous pouvons vous aider \u00e0 vous y retrouver dans la complexit\u00e9 de la demande de [&hellip;]\" \/>\n<meta property=\"og:url\" content=\"https:\/\/lmlawgroup.com\/fr\/services\/visiter\/\" \/>\n<meta property=\"og:site_name\" content=\"LM Law Group - Canadian Immigration Lawyers\" \/>\n<meta property=\"article:publisher\" content=\"https:\/\/www.facebook.com\/lmlawgroupcanada\" \/>\n<meta property=\"article:modified_time\" content=\"2024-10-08T14:39:25+00:00\" \/>\n<meta name=\"twitter:card\" content=\"summary_large_image\" \/>\n<meta name=\"twitter:label1\" content=\"Dur\u00e9e de lecture estim\u00e9e\" \/>\n\t<meta name=\"twitter:data1\" content=\"1 minute\" \/>\n<script type=\"application\/ld+json\" class=\"yoast-schema-graph\">{\"@context\":\"https:\\\/\\\/schema.org\",\"@graph\":[{\"@type\":\"WebPage\",\"@id\":\"https:\\\/\\\/lmlawgroup.com\\\/fr\\\/services\\\/visiter\\\/\",\"url\":\"https:\\\/\\\/lmlawgroup.com\\\/fr\\\/services\\\/visiter\\\/\",\"name\":\"Visiter - LM Law Group - Canadian Immigration Lawyers\",\"isPartOf\":{\"@id\":\"https:\\\/\\\/lmlawgroup.com\\\/fr\\\/#website\"},\"datePublished\":\"2024-07-08T06:07:26+00:00\",\"dateModified\":\"2024-10-08T14:39:25+00:00\",\"breadcrumb\":{\"@id\":\"https:\\\/\\\/lmlawgroup.com\\\/fr\\\/services\\\/visiter\\\/#breadcrumb\"},\"inLanguage\":\"fr-FR\",\"potentialAction\":[{\"@type\":\"ReadAction\",\"target\":[\"https:\\\/\\\/lmlawgroup.com\\\/fr\\\/services\\\/visiter\\\/\"]}]},{\"@type\":\"BreadcrumbList\",\"@id\":\"https:\\\/\\\/lmlawgroup.com\\\/fr\\\/services\\\/visiter\\\/#breadcrumb\",\"itemListElement\":[{\"@type\":\"ListItem\",\"position\":1,\"name\":\"Home\",\"item\":\"https:\\\/\\\/lmlawgroup.com\\\/fr\\\/\"},{\"@type\":\"ListItem\",\"position\":2,\"name\":\"Services\",\"item\":\"https:\\\/\\\/lmlawgroup.com\\\/fr\\\/services\\\/\"},{\"@type\":\"ListItem\",\"position\":3,\"name\":\"Visiter\"}]},{\"@type\":\"WebSite\",\"@id\":\"https:\\\/\\\/lmlawgroup.com\\\/fr\\\/#website\",\"url\":\"https:\\\/\\\/lmlawgroup.com\\\/fr\\\/\",\"name\":\"LM Law Group - Canadian Immigration Lawyers\",\"description\":\"Navigating borders.\",\"publisher\":{\"@id\":\"https:\\\/\\\/lmlawgroup.com\\\/fr\\\/#organization\"},\"potentialAction\":[{\"@type\":\"SearchAction\",\"target\":{\"@type\":\"EntryPoint\",\"urlTemplate\":\"https:\\\/\\\/lmlawgroup.com\\\/fr\\\/?s={search_term_string}\"},\"query-input\":{\"@type\":\"PropertyValueSpecification\",\"valueRequired\":true,\"valueName\":\"search_term_string\"}}],\"inLanguage\":\"fr-FR\"},{\"@type\":\"Organization\",\"@id\":\"https:\\\/\\\/lmlawgroup.com\\\/fr\\\/#organization\",\"name\":\"LM Law Group - Canadian Immigration Lawyers\",\"url\":\"https:\\\/\\\/lmlawgroup.com\\\/fr\\\/\",\"logo\":{\"@type\":\"ImageObject\",\"inLanguage\":\"fr-FR\",\"@id\":\"https:\\\/\\\/lmlawgroup.com\\\/fr\\\/#\\\/schema\\\/logo\\\/image\\\/\",\"url\":\"https:\\\/\\\/lmlawgroup.com\\\/wp-content\\\/uploads\\\/2024\\\/08\\\/LM_Primary_RGB_M.svg\",\"contentUrl\":\"https:\\\/\\\/lmlawgroup.com\\\/wp-content\\\/uploads\\\/2024\\\/08\\\/LM_Primary_RGB_M.svg\",\"width\":500,\"height\":95,\"caption\":\"LM Law Group - Canadian Immigration Lawyers\"},\"image\":{\"@id\":\"https:\\\/\\\/lmlawgroup.com\\\/fr\\\/#\\\/schema\\\/logo\\\/image\\\/\"},\"sameAs\":[\"https:\\\/\\\/www.facebook.com\\\/lmlawgroupcanada\",\"https:\\\/\\\/www.instagram.com\\\/lmlawgroup\",\"https:\\\/\\\/www.linkedin.com\\\/company\\\/lmlawgroupcanada\"]}]}<\/script>\n<!-- \/ Yoast SEO plugin. -->","yoast_head_json":{"title":"Visiter - LM Law Group - Canadian Immigration Lawyers","robots":{"index":"index","follow":"follow","max-snippet":"max-snippet:-1","max-image-preview":"max-image-preview:large","max-video-preview":"max-video-preview:-1"},"canonical":"https:\/\/lmlawgroup.com\/fr\/services\/visiter\/","og_locale":"fr_FR","og_type":"article","og_title":"Visiter - LM Law Group - Canadian Immigration Lawyers","og_description":"Services Visa de visiteur canadien Je souhaite visiter le Canada en tant que touriste ou pour voir ma famille. Les gens visitent souvent le Canada pour s&#8217;\u00e9merveiller de nos nombreuses attractions touristiques ou pour voir des membres de leur famille. Nous pouvons vous aider \u00e0 vous y retrouver dans la complexit\u00e9 de la demande de [&hellip;]","og_url":"https:\/\/lmlawgroup.com\/fr\/services\/visiter\/","og_site_name":"LM Law Group - Canadian Immigration Lawyers","article_publisher":"https:\/\/www.facebook.com\/lmlawgroupcanada","article_modified_time":"2024-10-08T14:39:25+00:00","twitter_card":"summary_large_image","twitter_misc":{"Dur\u00e9e de lecture estim\u00e9e":"1 minute"},"schema":{"@context":"https:\/\/schema.org","@graph":[{"@type":"WebPage","@id":"https:\/\/lmlawgroup.com\/fr\/services\/visiter\/","url":"https:\/\/lmlawgroup.com\/fr\/services\/visiter\/","name":"Visiter - LM Law Group - Canadian Immigration Lawyers","isPartOf":{"@id":"https:\/\/lmlawgroup.com\/fr\/#website"},"datePublished":"2024-07-08T06:07:26+00:00","dateModified":"2024-10-08T14:39:25+00:00","breadcrumb":{"@id":"https:\/\/lmlawgroup.com\/fr\/services\/visiter\/#breadcrumb"},"inLanguage":"fr-FR","potentialAction":[{"@type":"ReadAction","target":["https:\/\/lmlawgroup.com\/fr\/services\/visiter\/"]}]},{"@type":"BreadcrumbList","@id":"https:\/\/lmlawgroup.com\/fr\/services\/visiter\/#breadcrumb","itemListElement":[{"@type":"ListItem","position":1,"name":"Home","item":"https:\/\/lmlawgroup.com\/fr\/"},{"@type":"ListItem","position":2,"name":"Services","item":"https:\/\/lmlawgroup.com\/fr\/services\/"},{"@type":"ListItem","position":3,"name":"Visiter"}]},{"@type":"WebSite","@id":"https:\/\/lmlawgroup.com\/fr\/#website","url":"https:\/\/lmlawgroup.com\/fr\/","name":"LM Law Group - Canadian Immigration Lawyers","description":"Navigating borders.","publisher":{"@id":"https:\/\/lmlawgroup.com\/fr\/#organization"},"potentialAction":[{"@type":"SearchAction","target":{"@type":"EntryPoint","urlTemplate":"https:\/\/lmlawgroup.com\/fr\/?s={search_term_string}"},"query-input":{"@type":"PropertyValueSpecification","valueRequired":true,"valueName":"search_term_string"}}],"inLanguage":"fr-FR"},{"@type":"Organization","@id":"https:\/\/lmlawgroup.com\/fr\/#organization","name":"LM Law Group - Canadian Immigration Lawyers","url":"https:\/\/lmlawgroup.com\/fr\/","logo":{"@type":"ImageObject","inLanguage":"fr-FR","@id":"https:\/\/lmlawgroup.com\/fr\/#\/schema\/logo\/image\/","url":"https:\/\/lmlawgroup.com\/wp-content\/uploads\/2024\/08\/LM_Primary_RGB_M.svg","contentUrl":"https:\/\/lmlawgroup.com\/wp-content\/uploads\/2024\/08\/LM_Primary_RGB_M.svg","width":500,"height":95,"caption":"LM Law Group - Canadian Immigration Lawyers"},"image":{"@id":"https:\/\/lmlawgroup.com\/fr\/#\/schema\/logo\/image\/"},"sameAs":["https:\/\/www.facebook.com\/lmlawgroupcanada","https:\/\/www.instagram.com\/lmlawgroup","https:\/\/www.linkedin.com\/company\/lmlawgroupcanada"]}]}},"_links":{"self":[{"href":"https:\/\/lmlawgroup.com\/fr\/wp-json\/wp\/v2\/pages\/4645","targetHints":{"allow":["GET"]}}],"collection":[{"href":"https:\/\/lmlawgroup.com\/fr\/wp-json\/wp\/v2\/pages"}],"about":[{"href":"https:\/\/lmlawgroup.com\/fr\/wp-json\/wp\/v2\/types\/page"}],"author":[{"embeddable":true,"href":"https:\/\/lmlawgroup.com\/fr\/wp-json\/wp\/v2\/users\/4"}],"replies":[{"embeddable":true,"href":"https:\/\/lmlawgroup.com\/fr\/wp-json\/wp\/v2\/comments?post=4645"}],"version-history":[{"count":1,"href":"https:\/\/lmlawgroup.com\/fr\/wp-json\/wp\/v2\/pages\/4645\/revisions"}],"predecessor-version":[{"id":4647,"href":"https:\/\/lmlawgroup.com\/fr\/wp-json\/wp\/v2\/pages\/4645\/revisions\/4647"}],"up":[{"embeddable":true,"href":"https:\/\/lmlawgroup.com\/fr\/wp-json\/wp\/v2\/pages\/4412"}],"wp:attachment":[{"href":"https:\/\/lmlawgroup.com\/fr\/wp-json\/wp\/v2\/media?parent=4645"}],"curies":[{"name":"wp","href":"https:\/\/api.w.org\/{rel}","templated":true}]}}