{"id":4579,"date":"2024-07-08T06:06:54","date_gmt":"2024-07-08T06:06:54","guid":{"rendered":"http:\/\/lmlawgroup.com\/services\/travail\/"},"modified":"2024-10-08T14:28:43","modified_gmt":"2024-10-08T14:28:43","slug":"travail","status":"publish","type":"page","link":"https:\/\/lmlawgroup.com\/fr\/services\/travail\/","title":{"rendered":"Travail"},"content":{"rendered":"\t\t<div data-elementor-type=\"wp-page\" data-elementor-id=\"4579\" class=\"elementor elementor-4579 elementor-580\" data-elementor-post-type=\"page\">\n\t\t\t\t<div class=\"elementor-element elementor-element-fd61459 e-con-full e-flex e-con e-parent\" data-id=\"fd61459\" data-element_type=\"container\" data-e-type=\"container\" data-settings=\"{&quot;background_background&quot;:&quot;classic&quot;}\">\n\t\t<div class=\"elementor-element elementor-element-eebc9ca e-flex e-con-boxed e-con e-child\" data-id=\"eebc9ca\" data-element_type=\"container\" data-e-type=\"container\">\n\t\t\t\t\t<div class=\"e-con-inner\">\n\t\t<div class=\"elementor-element elementor-element-43cea92 services_badge--wrapper e-flex e-con-boxed e-con e-child\" data-id=\"43cea92\" data-element_type=\"container\" data-e-type=\"container\">\n\t\t\t\t\t<div class=\"e-con-inner\">\n\t\t\t\t<div class=\"elementor-element elementor-element-757e5fb services_badge elementor-widget elementor-widget-text-editor\" data-id=\"757e5fb\" data-element_type=\"widget\" data-e-type=\"widget\" data-widget_type=\"text-editor.default\">\n\t\t\t\t<div class=\"elementor-widget-container\">\n\t\t\t\t\t\t\t\t\t<p>Services<\/p>\n\t\t\t\t\t\t\t\t<\/div>\n\t\t\t\t<\/div>\n\t\t\t\t\t<\/div>\n\t\t\t\t<\/div>\n\t\t\t\t<div class=\"elementor-element elementor-element-f956d19 e-transform elementor-widget elementor-widget-heading\" data-id=\"f956d19\" data-element_type=\"widget\" data-e-type=\"widget\" data-settings=\"{&quot;_transform_scaleX_effect&quot;:{&quot;unit&quot;:&quot;px&quot;,&quot;size&quot;:&quot;&quot;,&quot;sizes&quot;:[]},&quot;_transform_scaleX_effect_tablet&quot;:{&quot;unit&quot;:&quot;px&quot;,&quot;size&quot;:&quot;&quot;,&quot;sizes&quot;:[]},&quot;_transform_scaleX_effect_mobile&quot;:{&quot;unit&quot;:&quot;px&quot;,&quot;size&quot;:&quot;&quot;,&quot;sizes&quot;:[]},&quot;_transform_scaleY_effect&quot;:{&quot;unit&quot;:&quot;px&quot;,&quot;size&quot;:&quot;&quot;,&quot;sizes&quot;:[]},&quot;_transform_scaleY_effect_tablet&quot;:{&quot;unit&quot;:&quot;px&quot;,&quot;size&quot;:&quot;&quot;,&quot;sizes&quot;:[]},&quot;_transform_scaleY_effect_mobile&quot;:{&quot;unit&quot;:&quot;px&quot;,&quot;size&quot;:&quot;&quot;,&quot;sizes&quot;:[]}}\" data-widget_type=\"heading.default\">\n\t\t\t\t<div class=\"elementor-widget-container\">\n\t\t\t\t\t<h1 class=\"elementor-heading-title elementor-size-default\">Permis de travail canadien<br><\/h1>\t\t\t\t<\/div>\n\t\t\t\t<\/div>\n\t\t\t\t\t<\/div>\n\t\t\t\t<\/div>\n\t\t\t\t<\/div>\n\t\t<div class=\"elementor-element elementor-element-63fc328 e-con-full e-flex e-con e-parent\" data-id=\"63fc328\" data-element_type=\"container\" data-e-type=\"container\">\n\t\t<div class=\"elementor-element elementor-element-00a7ddd e-flex e-con-boxed e-con e-child\" data-id=\"00a7ddd\" data-element_type=\"container\" data-e-type=\"container\">\n\t\t\t\t\t<div class=\"e-con-inner\">\n\t\t\t\t<div class=\"elementor-element elementor-element-5102f46 elementor-widget elementor-widget-heading\" data-id=\"5102f46\" data-element_type=\"widget\" data-e-type=\"widget\" data-widget_type=\"heading.default\">\n\t\t\t\t<div class=\"elementor-widget-container\">\n\t\t\t\t\t<h1 class=\"elementor-heading-title elementor-size-default\">Je suis une entreprise qui cherche \u00e0 embaucher des travailleurs.<\/h1>\t\t\t\t<\/div>\n\t\t\t\t<\/div>\n\t\t\t\t<div class=\"elementor-element elementor-element-b74ffdc elementor-widget-mobile__width-inherit elementor-widget elementor-widget-text-editor\" data-id=\"b74ffdc\" data-element_type=\"widget\" data-e-type=\"widget\" data-widget_type=\"text-editor.default\">\n\t\t\t\t<div class=\"elementor-widget-container\">\n\t\t\t\t\t\t\t\t\t<p>Les entreprises canadiennes comptent sur l&#8217;immigration pour r\u00e9pondre \u00e0 leurs besoins croissants en main-d&#8217;\u0153uvre ; toutefois, l&#8217;\u00e9volution constante des r\u00e8gles gouvernementales peut rendre la t\u00e2che difficile.<\/p>\n<p>Nous sommes conscients que chaque entreprise a ses propres objectifs. C&#8217;est pourquoi nous sommes fiers d&#8217;\u00eatre efficaces, accessibles et cr\u00e9atifs dans la fourniture de services \u00e9thiques et juridiques adapt\u00e9s aux besoins de votre entreprise. Bien que notre bureau soit bas\u00e9 \u00e0 Toronto, nous aidons les entreprises dans tout le pays.  <\/p>\n\t\t\t\t\t\t\t\t<\/div>\n\t\t\t\t<\/div>\n\t\t\t\t\t<\/div>\n\t\t\t\t<\/div>\n\t\t<div class=\"elementor-element elementor-element-1198187 e-flex e-con-boxed e-con e-child\" data-id=\"1198187\" data-element_type=\"container\" data-e-type=\"container\">\n\t\t\t\t\t<div class=\"e-con-inner\">\n\t\t<div class=\"elementor-element elementor-element-05034df e-flex e-con-boxed e-con e-child\" data-id=\"05034df\" data-element_type=\"container\" data-e-type=\"container\">\n\t\t\t\t\t<div class=\"e-con-inner\">\n\t\t\t\t<div class=\"elementor-element elementor-element-ec1b804 elementor-widget elementor-widget-heading\" data-id=\"ec1b804\" data-element_type=\"widget\" data-e-type=\"widget\" data-widget_type=\"heading.default\">\n\t\t\t\t<div class=\"elementor-widget-container\">\n\t\t\t\t\t<h1 class=\"elementor-heading-title elementor-size-default\">Je souhaite travailler au Canada.<\/h1>\t\t\t\t<\/div>\n\t\t\t\t<\/div>\n\t\t\t\t<div class=\"elementor-element elementor-element-577de35 elementor-widget-mobile__width-inherit elementor-widget elementor-widget-text-editor\" data-id=\"577de35\" data-element_type=\"widget\" data-e-type=\"widget\" data-widget_type=\"text-editor.default\">\n\t\t\t\t<div class=\"elementor-widget-container\">\n\t\t\t\t\t\t\t\t\t<p>Le Canada s&#8217;est construit sur l&#8217;immigration et compte sur les talents \u00e9trangers pour soutenir sa r\u00e9ussite \u00e9conomique. Si vous souhaitez travailler au Canada, il existe de nombreuses cat\u00e9gories de permis de travail que vous pouvez demander. Chaque cas est diff\u00e9rent et n\u00e9cessite l&#8217;intervention d&#8217;un expert comp\u00e9tent et exp\u00e9riment\u00e9 pour s&#8217;assurer que vous obtenez les informations correctes.  <\/p>\n<p>Nous pouvons vous aider \u00e0 d\u00e9terminer les permis de travail auxquels vous pouvez pr\u00e9tendre ou ce que vous devez faire pour travailler au Canada.<\/p>\n\t\t\t\t\t\t\t\t<\/div>\n\t\t\t\t<\/div>\n\t\t\t\t\t<\/div>\n\t\t\t\t<\/div>\n\t\t\t\t\t<\/div>\n\t\t\t\t<\/div>\n\t\t\t\t<\/div>\n\t\t<div class=\"elementor-element elementor-element-6865ebc e-flex e-con-boxed e-con e-parent\" data-id=\"6865ebc\" data-element_type=\"container\" data-e-type=\"container\">\n\t\t\t\t\t<div class=\"e-con-inner\">\n\t\t<div class=\"elementor-element elementor-element-63b0663 e-flex e-con-boxed e-con e-child\" data-id=\"63b0663\" data-element_type=\"container\" data-e-type=\"container\">\n\t\t\t\t\t<div class=\"e-con-inner\">\n\t\t<div class=\"elementor-element elementor-element-9d38112 e-flex e-con-boxed e-con e-child\" data-id=\"9d38112\" data-element_type=\"container\" data-e-type=\"container\">\n\t\t\t\t\t<div class=\"e-con-inner\">\n\t\t\t\t<div class=\"elementor-element elementor-element-e3ec163 elementor-widget__width-initial elementor-widget elementor-widget-heading\" data-id=\"e3ec163\" data-element_type=\"widget\" data-e-type=\"widget\" data-widget_type=\"heading.default\">\n\t\t\t\t<div class=\"elementor-widget-container\">\n\t\t\t\t\t<h1 class=\"elementor-heading-title elementor-size-default\">D\u00e9couvrez comment nous pouvons vous aider, prenez rendez-vous pour une consultation<\/h1>\t\t\t\t<\/div>\n\t\t\t\t<\/div>\n\t\t<div class=\"elementor-element elementor-element-34392c9 e-flex e-con-boxed e-con e-child\" data-id=\"34392c9\" data-element_type=\"container\" data-e-type=\"container\">\n\t\t\t\t\t<div class=\"e-con-inner\">\n\t\t\t\t<div class=\"elementor-element elementor-element-e4432c6 elementor-align-right custom-btn elementor-widget elementor-widget-button\" data-id=\"e4432c6\" data-element_type=\"widget\" data-e-type=\"widget\" data-widget_type=\"button.default\">\n\t\t\t\t<div class=\"elementor-widget-container\">\n\t\t\t\t\t\t\t\t\t<div class=\"elementor-button-wrapper\">\n\t\t\t\t\t<a class=\"elementor-button elementor-button-link elementor-size-sm\" href=\"https:\/\/lmlawgroup.com\/fr\/contact\/\">\n\t\t\t\t\t\t<span class=\"elementor-button-content-wrapper\">\n\t\t\t\t\t\t<span class=\"elementor-button-icon\">\n\t\t\t\t<svg xmlns=\"http:\/\/www.w3.org\/2000\/svg\" viewBox=\"0 0 14.28 24.48\"><defs><style>.cls-1{fill:#add136;}<\/style><\/defs><g id=\"Layer_2\" data-name=\"Layer 2\"><g id=\"Layer_1-2\" data-name=\"Layer 1\"><path class=\"cls-1\" d=\"M5.71,8.58a2,2,0,1,0,0-2.88,2,2,0,0,0,0,2.88M.61,3.48A2,2,0,0,0,3.49.6,2,2,0,0,0,.61,3.48M10.79,13.69a2,2,0,1,0,0-2.89,2.06,2.06,0,0,0,0,2.89M5.7,18.78a2,2,0,1,0,0-2.88,2,2,0,0,0,0,2.88M.6,23.88A2,2,0,1,0,.6,21a2,2,0,0,0,0,2.88\"><\/path><\/g><\/g><\/svg>\t\t\t<\/span>\n\t\t\t\t\t\t\t\t\t<span class=\"elementor-button-text\">Parlons-en<\/span>\n\t\t\t\t\t<\/span>\n\t\t\t\t\t<\/a>\n\t\t\t\t<\/div>\n\t\t\t\t\t\t\t\t<\/div>\n\t\t\t\t<\/div>\n\t\t\t\t\t<\/div>\n\t\t\t\t<\/div>\n\t\t\t\t\t<\/div>\n\t\t\t\t<\/div>\n\t\t\t\t\t<\/div>\n\t\t\t\t<\/div>\n\t\t\t\t\t<\/div>\n\t\t\t\t<\/div>\n\t\t\t\t<\/div>\n\t\t","protected":false},"excerpt":{"rendered":"<p>Services Permis de travail canadien Je suis une entreprise qui cherche \u00e0 embaucher des travailleurs. Les entreprises canadiennes comptent sur l&#8217;immigration pour r\u00e9pondre \u00e0 leurs besoins croissants en main-d&#8217;\u0153uvre ; toutefois, l&#8217;\u00e9volution constante des r\u00e8gles gouvernementales peut rendre la t\u00e2che difficile. Nous sommes conscients que chaque entreprise a ses propres objectifs. C&#8217;est pourquoi nous sommes [&hellip;]<\/p>\n","protected":false},"author":4,"featured_media":0,"parent":4412,"menu_order":0,"comment_status":"closed","ping_status":"closed","template":"","meta":{"_acf_changed":false,"footnotes":""},"class_list":["post-4579","page","type-page","status-publish","hentry"],"acf":[],"yoast_head":"<!-- This site is optimized with the Yoast SEO plugin v27.4 - https:\/\/yoast.com\/product\/yoast-seo-wordpress\/ -->\n<title>Travail - LM Law Group - Canadian Immigration Lawyers<\/title>\n<meta name=\"robots\" content=\"index, follow, max-snippet:-1, max-image-preview:large, max-video-preview:-1\" \/>\n<link rel=\"canonical\" href=\"https:\/\/lmlawgroup.com\/fr\/services\/travail\/\" \/>\n<meta property=\"og:locale\" content=\"fr_FR\" \/>\n<meta property=\"og:type\" content=\"article\" \/>\n<meta property=\"og:title\" content=\"Travail - LM Law Group - Canadian Immigration Lawyers\" \/>\n<meta property=\"og:description\" content=\"Services Permis de travail canadien Je suis une entreprise qui cherche \u00e0 embaucher des travailleurs. Les entreprises canadiennes comptent sur l&#8217;immigration pour r\u00e9pondre \u00e0 leurs besoins croissants en main-d&#8217;\u0153uvre ; toutefois, l&#8217;\u00e9volution constante des r\u00e8gles gouvernementales peut rendre la t\u00e2che difficile. Nous sommes conscients que chaque entreprise a ses propres objectifs. C&#8217;est pourquoi nous sommes [&hellip;]\" \/>\n<meta property=\"og:url\" content=\"https:\/\/lmlawgroup.com\/fr\/services\/travail\/\" \/>\n<meta property=\"og:site_name\" content=\"LM Law Group - Canadian Immigration Lawyers\" \/>\n<meta property=\"article:publisher\" content=\"https:\/\/www.facebook.com\/lmlawgroupcanada\" \/>\n<meta property=\"article:modified_time\" content=\"2024-10-08T14:28:43+00:00\" \/>\n<meta name=\"twitter:card\" content=\"summary_large_image\" \/>\n<meta name=\"twitter:label1\" content=\"Dur\u00e9e de lecture estim\u00e9e\" \/>\n\t<meta name=\"twitter:data1\" content=\"1 minute\" \/>\n<script type=\"application\/ld+json\" class=\"yoast-schema-graph\">{\"@context\":\"https:\\\/\\\/schema.org\",\"@graph\":[{\"@type\":\"WebPage\",\"@id\":\"https:\\\/\\\/lmlawgroup.com\\\/fr\\\/services\\\/travail\\\/\",\"url\":\"https:\\\/\\\/lmlawgroup.com\\\/fr\\\/services\\\/travail\\\/\",\"name\":\"Travail - LM Law Group - Canadian Immigration Lawyers\",\"isPartOf\":{\"@id\":\"https:\\\/\\\/lmlawgroup.com\\\/fr\\\/#website\"},\"datePublished\":\"2024-07-08T06:06:54+00:00\",\"dateModified\":\"2024-10-08T14:28:43+00:00\",\"breadcrumb\":{\"@id\":\"https:\\\/\\\/lmlawgroup.com\\\/fr\\\/services\\\/travail\\\/#breadcrumb\"},\"inLanguage\":\"fr-FR\",\"potentialAction\":[{\"@type\":\"ReadAction\",\"target\":[\"https:\\\/\\\/lmlawgroup.com\\\/fr\\\/services\\\/travail\\\/\"]}]},{\"@type\":\"BreadcrumbList\",\"@id\":\"https:\\\/\\\/lmlawgroup.com\\\/fr\\\/services\\\/travail\\\/#breadcrumb\",\"itemListElement\":[{\"@type\":\"ListItem\",\"position\":1,\"name\":\"Home\",\"item\":\"https:\\\/\\\/lmlawgroup.com\\\/fr\\\/\"},{\"@type\":\"ListItem\",\"position\":2,\"name\":\"Services\",\"item\":\"https:\\\/\\\/lmlawgroup.com\\\/fr\\\/services\\\/\"},{\"@type\":\"ListItem\",\"position\":3,\"name\":\"Travail\"}]},{\"@type\":\"WebSite\",\"@id\":\"https:\\\/\\\/lmlawgroup.com\\\/fr\\\/#website\",\"url\":\"https:\\\/\\\/lmlawgroup.com\\\/fr\\\/\",\"name\":\"LM Law Group - Canadian Immigration Lawyers\",\"description\":\"Navigating borders.\",\"publisher\":{\"@id\":\"https:\\\/\\\/lmlawgroup.com\\\/fr\\\/#organization\"},\"potentialAction\":[{\"@type\":\"SearchAction\",\"target\":{\"@type\":\"EntryPoint\",\"urlTemplate\":\"https:\\\/\\\/lmlawgroup.com\\\/fr\\\/?s={search_term_string}\"},\"query-input\":{\"@type\":\"PropertyValueSpecification\",\"valueRequired\":true,\"valueName\":\"search_term_string\"}}],\"inLanguage\":\"fr-FR\"},{\"@type\":\"Organization\",\"@id\":\"https:\\\/\\\/lmlawgroup.com\\\/fr\\\/#organization\",\"name\":\"LM Law Group - Canadian Immigration Lawyers\",\"url\":\"https:\\\/\\\/lmlawgroup.com\\\/fr\\\/\",\"logo\":{\"@type\":\"ImageObject\",\"inLanguage\":\"fr-FR\",\"@id\":\"https:\\\/\\\/lmlawgroup.com\\\/fr\\\/#\\\/schema\\\/logo\\\/image\\\/\",\"url\":\"https:\\\/\\\/lmlawgroup.com\\\/wp-content\\\/uploads\\\/2024\\\/08\\\/LM_Primary_RGB_M.svg\",\"contentUrl\":\"https:\\\/\\\/lmlawgroup.com\\\/wp-content\\\/uploads\\\/2024\\\/08\\\/LM_Primary_RGB_M.svg\",\"width\":500,\"height\":95,\"caption\":\"LM Law Group - Canadian Immigration Lawyers\"},\"image\":{\"@id\":\"https:\\\/\\\/lmlawgroup.com\\\/fr\\\/#\\\/schema\\\/logo\\\/image\\\/\"},\"sameAs\":[\"https:\\\/\\\/www.facebook.com\\\/lmlawgroupcanada\",\"https:\\\/\\\/www.instagram.com\\\/lmlawgroup\",\"https:\\\/\\\/www.linkedin.com\\\/company\\\/lmlawgroupcanada\"]}]}<\/script>\n<!-- \/ Yoast SEO plugin. -->","yoast_head_json":{"title":"Travail - LM Law Group - Canadian Immigration Lawyers","robots":{"index":"index","follow":"follow","max-snippet":"max-snippet:-1","max-image-preview":"max-image-preview:large","max-video-preview":"max-video-preview:-1"},"canonical":"https:\/\/lmlawgroup.com\/fr\/services\/travail\/","og_locale":"fr_FR","og_type":"article","og_title":"Travail - LM Law Group - Canadian Immigration Lawyers","og_description":"Services Permis de travail canadien Je suis une entreprise qui cherche \u00e0 embaucher des travailleurs. Les entreprises canadiennes comptent sur l&#8217;immigration pour r\u00e9pondre \u00e0 leurs besoins croissants en main-d&#8217;\u0153uvre ; toutefois, l&#8217;\u00e9volution constante des r\u00e8gles gouvernementales peut rendre la t\u00e2che difficile. Nous sommes conscients que chaque entreprise a ses propres objectifs. C&#8217;est pourquoi nous sommes [&hellip;]","og_url":"https:\/\/lmlawgroup.com\/fr\/services\/travail\/","og_site_name":"LM Law Group - Canadian Immigration Lawyers","article_publisher":"https:\/\/www.facebook.com\/lmlawgroupcanada","article_modified_time":"2024-10-08T14:28:43+00:00","twitter_card":"summary_large_image","twitter_misc":{"Dur\u00e9e de lecture estim\u00e9e":"1 minute"},"schema":{"@context":"https:\/\/schema.org","@graph":[{"@type":"WebPage","@id":"https:\/\/lmlawgroup.com\/fr\/services\/travail\/","url":"https:\/\/lmlawgroup.com\/fr\/services\/travail\/","name":"Travail - LM Law Group - Canadian Immigration Lawyers","isPartOf":{"@id":"https:\/\/lmlawgroup.com\/fr\/#website"},"datePublished":"2024-07-08T06:06:54+00:00","dateModified":"2024-10-08T14:28:43+00:00","breadcrumb":{"@id":"https:\/\/lmlawgroup.com\/fr\/services\/travail\/#breadcrumb"},"inLanguage":"fr-FR","potentialAction":[{"@type":"ReadAction","target":["https:\/\/lmlawgroup.com\/fr\/services\/travail\/"]}]},{"@type":"BreadcrumbList","@id":"https:\/\/lmlawgroup.com\/fr\/services\/travail\/#breadcrumb","itemListElement":[{"@type":"ListItem","position":1,"name":"Home","item":"https:\/\/lmlawgroup.com\/fr\/"},{"@type":"ListItem","position":2,"name":"Services","item":"https:\/\/lmlawgroup.com\/fr\/services\/"},{"@type":"ListItem","position":3,"name":"Travail"}]},{"@type":"WebSite","@id":"https:\/\/lmlawgroup.com\/fr\/#website","url":"https:\/\/lmlawgroup.com\/fr\/","name":"LM Law Group - Canadian Immigration Lawyers","description":"Navigating borders.","publisher":{"@id":"https:\/\/lmlawgroup.com\/fr\/#organization"},"potentialAction":[{"@type":"SearchAction","target":{"@type":"EntryPoint","urlTemplate":"https:\/\/lmlawgroup.com\/fr\/?s={search_term_string}"},"query-input":{"@type":"PropertyValueSpecification","valueRequired":true,"valueName":"search_term_string"}}],"inLanguage":"fr-FR"},{"@type":"Organization","@id":"https:\/\/lmlawgroup.com\/fr\/#organization","name":"LM Law Group - Canadian Immigration Lawyers","url":"https:\/\/lmlawgroup.com\/fr\/","logo":{"@type":"ImageObject","inLanguage":"fr-FR","@id":"https:\/\/lmlawgroup.com\/fr\/#\/schema\/logo\/image\/","url":"https:\/\/lmlawgroup.com\/wp-content\/uploads\/2024\/08\/LM_Primary_RGB_M.svg","contentUrl":"https:\/\/lmlawgroup.com\/wp-content\/uploads\/2024\/08\/LM_Primary_RGB_M.svg","width":500,"height":95,"caption":"LM Law Group - Canadian Immigration Lawyers"},"image":{"@id":"https:\/\/lmlawgroup.com\/fr\/#\/schema\/logo\/image\/"},"sameAs":["https:\/\/www.facebook.com\/lmlawgroupcanada","https:\/\/www.instagram.com\/lmlawgroup","https:\/\/www.linkedin.com\/company\/lmlawgroupcanada"]}]}},"_links":{"self":[{"href":"https:\/\/lmlawgroup.com\/fr\/wp-json\/wp\/v2\/pages\/4579","targetHints":{"allow":["GET"]}}],"collection":[{"href":"https:\/\/lmlawgroup.com\/fr\/wp-json\/wp\/v2\/pages"}],"about":[{"href":"https:\/\/lmlawgroup.com\/fr\/wp-json\/wp\/v2\/types\/page"}],"author":[{"embeddable":true,"href":"https:\/\/lmlawgroup.com\/fr\/wp-json\/wp\/v2\/users\/4"}],"replies":[{"embeddable":true,"href":"https:\/\/lmlawgroup.com\/fr\/wp-json\/wp\/v2\/comments?post=4579"}],"version-history":[{"count":1,"href":"https:\/\/lmlawgroup.com\/fr\/wp-json\/wp\/v2\/pages\/4579\/revisions"}],"predecessor-version":[{"id":4580,"href":"https:\/\/lmlawgroup.com\/fr\/wp-json\/wp\/v2\/pages\/4579\/revisions\/4580"}],"up":[{"embeddable":true,"href":"https:\/\/lmlawgroup.com\/fr\/wp-json\/wp\/v2\/pages\/4412"}],"wp:attachment":[{"href":"https:\/\/lmlawgroup.com\/fr\/wp-json\/wp\/v2\/media?parent=4579"}],"curies":[{"name":"wp","href":"https:\/\/api.w.org\/{rel}","templated":true}]}}