{"id":4345,"date":"2024-05-07T18:19:28","date_gmt":"2024-05-07T22:19:28","guid":{"rendered":"http:\/\/lmlawgroup.com\/contact\/"},"modified":"2025-02-10T15:00:40","modified_gmt":"2025-02-10T20:00:40","slug":"contact","status":"publish","type":"page","link":"https:\/\/lmlawgroup.com\/fr\/contact\/","title":{"rendered":"Contact"},"content":{"rendered":"\t\t<div data-elementor-type=\"wp-page\" data-elementor-id=\"4345\" class=\"elementor elementor-4345 elementor-46\" data-elementor-post-type=\"page\">\n\t\t\t\t<div class=\"elementor-element elementor-element-11cc8c2 e-con-full e-flex e-con e-parent\" data-id=\"11cc8c2\" data-element_type=\"container\" data-e-type=\"container\" data-settings=\"{&quot;background_background&quot;:&quot;classic&quot;}\">\n\t\t<div class=\"elementor-element elementor-element-cd742c6 e-flex e-con-boxed e-con e-child\" data-id=\"cd742c6\" data-element_type=\"container\" data-e-type=\"container\">\n\t\t\t\t\t<div class=\"e-con-inner\">\n\t\t<div class=\"elementor-element elementor-element-d22e1f5 e-flex e-con-boxed e-con e-child\" data-id=\"d22e1f5\" data-element_type=\"container\" data-e-type=\"container\">\n\t\t\t\t\t<div class=\"e-con-inner\">\n\t\t\t\t<div class=\"elementor-element elementor-element-3a4b69c e-transform elementor-widget elementor-widget-heading\" data-id=\"3a4b69c\" data-element_type=\"widget\" data-e-type=\"widget\" data-settings=\"{&quot;_transform_scaleX_effect&quot;:{&quot;unit&quot;:&quot;px&quot;,&quot;size&quot;:&quot;&quot;,&quot;sizes&quot;:[]},&quot;_transform_scaleX_effect_tablet&quot;:{&quot;unit&quot;:&quot;px&quot;,&quot;size&quot;:&quot;&quot;,&quot;sizes&quot;:[]},&quot;_transform_scaleX_effect_mobile&quot;:{&quot;unit&quot;:&quot;px&quot;,&quot;size&quot;:&quot;&quot;,&quot;sizes&quot;:[]},&quot;_transform_scaleY_effect&quot;:{&quot;unit&quot;:&quot;px&quot;,&quot;size&quot;:&quot;&quot;,&quot;sizes&quot;:[]},&quot;_transform_scaleY_effect_tablet&quot;:{&quot;unit&quot;:&quot;px&quot;,&quot;size&quot;:&quot;&quot;,&quot;sizes&quot;:[]},&quot;_transform_scaleY_effect_mobile&quot;:{&quot;unit&quot;:&quot;px&quot;,&quot;size&quot;:&quot;&quot;,&quot;sizes&quot;:[]}}\" data-widget_type=\"heading.default\">\n\t\t\t\t<div class=\"elementor-widget-container\">\n\t\t\t\t\t<h1 class=\"elementor-heading-title elementor-size-default\">Contactez nos avocats \nimmigration<\/br>\n<\/h1>\t\t\t\t<\/div>\n\t\t\t\t<\/div>\n\t\t\t\t\t<\/div>\n\t\t\t\t<\/div>\n\t\t<div class=\"elementor-element elementor-element-b8fe8b6 e-flex e-con-boxed e-con e-child\" data-id=\"b8fe8b6\" data-element_type=\"container\" data-e-type=\"container\">\n\t\t\t\t\t<div class=\"e-con-inner\">\n\t\t\t\t<div class=\"elementor-element elementor-element-9f165aa elementor-icon-list--layout-inline elementor-align-end elementor-list-item-link-full_width elementor-widget elementor-widget-icon-list\" data-id=\"9f165aa\" data-element_type=\"widget\" data-e-type=\"widget\" data-widget_type=\"icon-list.default\">\n\t\t\t\t<div class=\"elementor-widget-container\">\n\t\t\t\t\t\t\t<ul class=\"elementor-icon-list-items elementor-inline-items\">\n\t\t\t\t\t\t\t<li class=\"elementor-icon-list-item elementor-inline-item\">\n\t\t\t\t\t\t\t\t\t\t\t<a href=\"tel:416%20548%209101\">\n\n\t\t\t\t\t\t\t\t\t\t\t<span class=\"elementor-icon-list-text\">416.548.9101<\/span>\n\t\t\t\t\t\t\t\t\t\t\t<\/a>\n\t\t\t\t\t\t\t\t\t<\/li>\n\t\t\t\t\t\t\t\t<li class=\"elementor-icon-list-item elementor-inline-item\">\n\t\t\t\t\t\t\t\t\t\t\t<a href=\"tel:1%20888%20796%203331\">\n\n\t\t\t\t\t\t\t\t\t\t\t<span class=\"elementor-icon-list-text\">1.888.796.3331<\/span>\n\t\t\t\t\t\t\t\t\t\t\t<\/a>\n\t\t\t\t\t\t\t\t\t<\/li>\n\t\t\t\t\t\t<\/ul>\n\t\t\t\t\t\t<\/div>\n\t\t\t\t<\/div>\n\t\t\t\t<div class=\"elementor-element elementor-element-faf9efe elementor-align-end elementor-icon-list--layout-traditional elementor-list-item-link-full_width elementor-widget elementor-widget-icon-list\" data-id=\"faf9efe\" data-element_type=\"widget\" data-e-type=\"widget\" data-widget_type=\"icon-list.default\">\n\t\t\t\t<div class=\"elementor-widget-container\">\n\t\t\t\t\t\t\t<ul class=\"elementor-icon-list-items\">\n\t\t\t\t\t\t\t<li class=\"elementor-icon-list-item\">\n\t\t\t\t\t\t\t\t\t\t\t<a href=\"mailto:inquiries@lmlawgroup.com\">\n\n\t\t\t\t\t\t\t\t\t\t\t<span class=\"elementor-icon-list-text\">inquiries@lmlawgroup.com<\/span>\n\t\t\t\t\t\t\t\t\t\t\t<\/a>\n\t\t\t\t\t\t\t\t\t<\/li>\n\t\t\t\t\t\t<\/ul>\n\t\t\t\t\t\t<\/div>\n\t\t\t\t<\/div>\n\t\t\t\t\t<\/div>\n\t\t\t\t<\/div>\n\t\t\t\t\t<\/div>\n\t\t\t\t<\/div>\n\t\t<div class=\"elementor-element elementor-element-f1db2a5 e-flex e-con-boxed e-con e-child\" data-id=\"f1db2a5\" data-element_type=\"container\" data-e-type=\"container\">\n\t\t\t\t\t<div class=\"e-con-inner\">\n\t\t\t\t<div class=\"elementor-element elementor-element-51d2cd4 elementor-widget-mobile__width-inherit elementor-widget elementor-widget-text-editor\" data-id=\"51d2cd4\" data-element_type=\"widget\" data-e-type=\"widget\" data-widget_type=\"text-editor.default\">\n\t\t\t\t<div class=\"elementor-widget-container\">\n\t\t\t\t\t\t\t\t\t<p>Chez LM Law Group, nous sommes conscients de l&#8217;importance de votre d\u00e9cision de venir au Canada, que ce soit pour votre entreprise, vos \u00e9tudes ou votre mode de vie. Nous sommes heureux de discuter de la mani\u00e8re dont nous pouvons r\u00e9pondre \u00e0 vos besoins juridiques. <\/p>\n\t\t\t\t\t\t\t\t<\/div>\n\t\t\t\t<\/div>\n\t\t\t\t<div class=\"elementor-element elementor-element-7df2452 elementor-button-align-end custom-contact-form elementor-widget elementor-widget-form\" data-id=\"7df2452\" data-element_type=\"widget\" data-e-type=\"widget\" data-settings=\"{&quot;step_next_label&quot;:&quot;Suivant&quot;,&quot;step_previous_label&quot;:&quot;Pr\\u00e9c\\u00e9dent&quot;,&quot;button_width&quot;:&quot;100&quot;,&quot;step_type&quot;:&quot;number_text&quot;,&quot;step_icon_shape&quot;:&quot;circle&quot;}\" data-widget_type=\"form.default\">\n\t\t\t\t<div class=\"elementor-widget-container\">\n\t\t\t\t\t\t\t<form class=\"elementor-form\" method=\"post\" name=\"Formulaire de contact\" aria-label=\"Formulaire de contact\">\n\t\t\t<input type=\"hidden\" name=\"post_id\" value=\"4345\"\/>\n\t\t\t<input type=\"hidden\" name=\"form_id\" value=\"7df2452\"\/>\n\t\t\t<input type=\"hidden\" name=\"referer_title\" value=\"Contact - LM Law Group - Canadian Immigration Lawyers\" \/>\n\n\t\t\t\t\t\t\t<input type=\"hidden\" name=\"queried_id\" value=\"4345\"\/>\n\t\t\t\n\t\t\t<div class=\"elementor-form-fields-wrapper elementor-labels-\">\n\t\t\t\t\t\t\t\t<div class=\"elementor-field-type-email elementor-field-group elementor-column elementor-field-group-email elementor-col-100 elementor-field-required\">\n\t\t\t\t\t\t\t\t\t\t\t\t<label for=\"form-field-email\" class=\"elementor-field-label elementor-screen-only\">\n\t\t\t\t\t\t\t\tCourriel\t\t\t\t\t\t\t<\/label>\n\t\t\t\t\t\t\t\t\t\t\t\t\t\t<input size=\"1\" type=\"email\" name=\"form_fields[email]\" id=\"form-field-email\" class=\"elementor-field elementor-size-lg  elementor-field-textual\" placeholder=\"Adresse \u00e9lectronique\" required=\"required\">\n\t\t\t\t\t\t\t\t\t\t\t<\/div>\n\t\t\t\t\t\t\t\t<div class=\"elementor-field-type-text elementor-field-group elementor-column elementor-field-group-name elementor-col-50 elementor-field-required\">\n\t\t\t\t\t\t\t\t\t\t\t\t<label for=\"form-field-name\" class=\"elementor-field-label elementor-screen-only\">\n\t\t\t\t\t\t\t\tPr\u00e9nom\t\t\t\t\t\t\t<\/label>\n\t\t\t\t\t\t\t\t\t\t\t\t\t\t<input size=\"1\" type=\"text\" name=\"form_fields[name]\" id=\"form-field-name\" class=\"elementor-field elementor-size-lg  elementor-field-textual\" placeholder=\"Pr\u00e9nom\" required=\"required\">\n\t\t\t\t\t\t\t\t\t\t\t<\/div>\n\t\t\t\t\t\t\t\t<div class=\"elementor-field-type-text elementor-field-group elementor-column elementor-field-group-Last_Name elementor-col-50 elementor-field-required\">\n\t\t\t\t\t\t\t\t\t\t\t\t<label for=\"form-field-Last_Name\" class=\"elementor-field-label elementor-screen-only\">\n\t\t\t\t\t\t\t\tNom de famille\t\t\t\t\t\t\t<\/label>\n\t\t\t\t\t\t\t\t\t\t\t\t\t\t<input size=\"1\" type=\"text\" name=\"form_fields[Last_Name]\" id=\"form-field-Last_Name\" class=\"elementor-field elementor-size-lg  elementor-field-textual\" placeholder=\"Nom de famille\" required=\"required\">\n\t\t\t\t\t\t\t\t\t\t\t<\/div>\n\t\t\t\t\t\t\t\t<div class=\"elementor-field-type-number elementor-field-group elementor-column elementor-field-group-subject elementor-col-50 elementor-field-required\">\n\t\t\t\t\t\t\t\t\t\t\t\t<label for=\"form-field-subject\" class=\"elementor-field-label elementor-screen-only\">\n\t\t\t\t\t\t\t\tNum\u00e9ro de t\u00e9l\u00e9phone\t\t\t\t\t\t\t<\/label>\n\t\t\t\t\t\t\t\t\t<input type=\"number\" name=\"form_fields[subject]\" id=\"form-field-subject\" class=\"elementor-field elementor-size-lg  elementor-field-textual\" placeholder=\"Num\u00e9ro de t\u00e9l\u00e9phone\" required=\"required\" min=\"\" max=\"\" >\n\t\t\t\t\t\t<\/div>\n\t\t\t\t\t\t\t\t<div class=\"elementor-field-type-text elementor-field-group elementor-column elementor-field-group-field_6059827 elementor-col-50 elementor-field-required\">\n\t\t\t\t\t\t\t\t\t\t\t\t<label for=\"form-field-field_6059827\" class=\"elementor-field-label elementor-screen-only\">\n\t\t\t\t\t\t\t\tVotre position actuelle\t\t\t\t\t\t\t<\/label>\n\t\t\t\t\t\t\t\t\t\t\t\t\t\t<input size=\"1\" type=\"text\" name=\"form_fields[field_6059827]\" id=\"form-field-field_6059827\" class=\"elementor-field elementor-size-lg  elementor-field-textual\" placeholder=\"Votre position actuelle\" required=\"required\">\n\t\t\t\t\t\t\t\t\t\t\t<\/div>\n\t\t\t\t\t\t\t\t<div class=\"elementor-field-type-textarea elementor-field-group elementor-column elementor-field-group-message elementor-col-100 elementor-field-required\">\n\t\t\t\t\t\t\t\t\t\t\t\t<label for=\"form-field-message\" class=\"elementor-field-label elementor-screen-only\">\n\t\t\t\t\t\t\t\tMessage\t\t\t\t\t\t\t<\/label>\n\t\t\t\t\t\t<textarea class=\"elementor-field-textual elementor-field  elementor-size-lg\" name=\"form_fields[message]\" id=\"form-field-message\" rows=\"4\" placeholder=\"Message\" required=\"required\"><\/textarea>\t\t\t\t<\/div>\n\t\t\t\t\t\t\t\t<div class=\"elementor-field-type-recaptcha_v3 elementor-field-group elementor-column elementor-field-group-field_c5d9aae elementor-col-100 recaptcha_v3-bottomright\">\n\t\t\t\t\t<div class=\"elementor-field\" id=\"form-field-field_c5d9aae\"><div class=\"elementor-g-recaptcha\" data-sitekey=\"6LeVK4EqAAAAAAAgGkNGLYP_ojoH0Vkr4smlYg4i\" data-type=\"v3\" data-action=\"Form\" data-badge=\"bottomright\" data-size=\"invisible\"><\/div><\/div>\t\t\t\t<\/div>\n\t\t\t\t\t\t\t\t<div class=\"elementor-field-group elementor-column elementor-field-type-submit elementor-col-100 e-form__buttons\">\n\t\t\t\t\t<button class=\"elementor-button elementor-size-sm\" type=\"submit\" id=\"custom-form-btn\">\n\t\t\t\t\t\t<span class=\"elementor-button-content-wrapper\">\n\t\t\t\t\t\t\t\t\t\t\t\t\t\t\t<span class=\"elementor-button-icon\">\n\t\t\t\t\t\t\t\t\t<svg xmlns=\"http:\/\/www.w3.org\/2000\/svg\" viewBox=\"0 0 14.28 24.48\"><defs><style>.cls-1{fill:#add136;}<\/style><\/defs><g id=\"Layer_2\" data-name=\"Layer 2\"><g id=\"Layer_1-2\" data-name=\"Layer 1\"><path class=\"cls-1\" d=\"M5.71,8.58a2,2,0,1,0,0-2.88,2,2,0,0,0,0,2.88M.61,3.48A2,2,0,0,0,3.49.6,2,2,0,0,0,.61,3.48M10.79,13.69a2,2,0,1,0,0-2.89,2.06,2.06,0,0,0,0,2.89M5.7,18.78a2,2,0,1,0,0-2.88,2,2,0,0,0,0,2.88M.6,23.88A2,2,0,1,0,.6,21a2,2,0,0,0,0,2.88\"><\/path><\/g><\/g><\/svg>\t\t\t\t\t\t\t\t\t\t\t\t\t\t\t\t\t<\/span>\n\t\t\t\t\t\t\t\t\t\t\t\t\t\t\t\t\t\t\t\t\t\t<span class=\"elementor-button-text\">Soumettre<\/span>\n\t\t\t\t\t\t\t\t\t\t\t\t\t<\/span>\n\t\t\t\t\t<\/button>\n\t\t\t\t<\/div>\n\t\t\t<\/div>\n\t\t<\/form>\n\t\t\t\t\t\t<\/div>\n\t\t\t\t<\/div>\n\t\t\t\t<div class=\"elementor-element elementor-element-2a14450 elementor-widget elementor-widget-text-editor\" data-id=\"2a14450\" data-element_type=\"widget\" data-e-type=\"widget\" data-widget_type=\"text-editor.default\">\n\t\t\t\t<div class=\"elementor-widget-container\">\n\t\t\t\t\t\t\t\t\t<p>En soumettant ce formulaire, vous acceptez de recevoir des courriels de marketing de la part de : LM Law Group LLP, 103 Church Street, Suite 500, Toronto, Ontario, M5C 2G3 Canada. Vous pouvez r\u00e9voquer votre consentement \u00e0 recevoir des courriels \u00e0 tout moment en utilisant le lien SafeUnsubscribe\u00ae, qui se trouve au bas de chaque courriel. Les courriels sont g\u00e9r\u00e9s par Constant Contact.  <\/p>\n\t\t\t\t\t\t\t\t<\/div>\n\t\t\t\t<\/div>\n\t\t\t\t\t<\/div>\n\t\t\t\t<\/div>\n\t\t\t\t<\/div>\n\t\t<div class=\"elementor-element elementor-element-f314c52 e-con-full e-flex e-con e-parent\" data-id=\"f314c52\" data-element_type=\"container\" data-e-type=\"container\">\n\t\t\t\t<div class=\"elementor-element elementor-element-7fd6c3d elementor-widget elementor-widget-google_maps\" data-id=\"7fd6c3d\" data-element_type=\"widget\" data-e-type=\"widget\" data-widget_type=\"google_maps.default\">\n\t\t\t\t<div class=\"elementor-widget-container\">\n\t\t\t\t\t\t\t<div class=\"elementor-custom-embed\">\n\t\t\t<iframe loading=\"lazy\"\n\t\t\t\t\tsrc=\"https:\/\/maps.google.com\/maps?q=Long%20Mangalji%20LLP%2C%20103%20Church%20St%20%23500%2C%20Toronto%2C%20ON%20M5C%202G3%2C%20Canada&#038;t=m&#038;z=13&#038;output=embed&#038;iwloc=near\"\n\t\t\t\t\ttitle=\"Long Mangalji LLP, 103 Church St #500, Toronto, ON M5C 2G3, Canada\"\n\t\t\t\t\taria-label=\"Long Mangalji LLP, 103 Church St #500, Toronto, ON M5C 2G3, Canada\"\n\t\t\t><\/iframe>\n\t\t<\/div>\n\t\t\t\t\t\t<\/div>\n\t\t\t\t<\/div>\n\t\t\t\t<\/div>\n\t\t\t\t<\/div>\n\t\t","protected":false},"excerpt":{"rendered":"<p>Contactez nos avocats immigration 416.548.9101 1.888.796.3331 inquiries@lmlawgroup.com Chez LM Law Group, nous sommes conscients de l&#8217;importance de votre d\u00e9cision de venir au Canada, que ce soit pour votre entreprise, vos \u00e9tudes ou votre mode de vie. Nous sommes heureux de discuter de la mani\u00e8re dont nous pouvons r\u00e9pondre \u00e0 vos besoins juridiques. En soumettant ce [&hellip;]<\/p>\n","protected":false},"author":4,"featured_media":0,"parent":0,"menu_order":0,"comment_status":"closed","ping_status":"closed","template":"","meta":{"_acf_changed":false,"footnotes":""},"class_list":["post-4345","page","type-page","status-publish","hentry"],"acf":[],"yoast_head":"<!-- This site is optimized with the Yoast SEO plugin v27.4 - https:\/\/yoast.com\/product\/yoast-seo-wordpress\/ -->\n<title>Contact - LM Law Group - Canadian Immigration Lawyers<\/title>\n<meta name=\"robots\" content=\"index, follow, max-snippet:-1, max-image-preview:large, max-video-preview:-1\" \/>\n<link rel=\"canonical\" href=\"https:\/\/lmlawgroup.com\/fr\/contact\/\" \/>\n<meta property=\"og:locale\" content=\"fr_FR\" \/>\n<meta property=\"og:type\" content=\"article\" \/>\n<meta property=\"og:title\" content=\"Contact - LM Law Group - Canadian Immigration Lawyers\" \/>\n<meta property=\"og:description\" content=\"Contactez nos avocats immigration 416.548.9101 1.888.796.3331 inquiries@lmlawgroup.com Chez LM Law Group, nous sommes conscients de l&#8217;importance de votre d\u00e9cision de venir au Canada, que ce soit pour votre entreprise, vos \u00e9tudes ou votre mode de vie. Nous sommes heureux de discuter de la mani\u00e8re dont nous pouvons r\u00e9pondre \u00e0 vos besoins juridiques. En soumettant ce [&hellip;]\" \/>\n<meta property=\"og:url\" content=\"https:\/\/lmlawgroup.com\/fr\/contact\/\" \/>\n<meta property=\"og:site_name\" content=\"LM Law Group - Canadian Immigration Lawyers\" \/>\n<meta property=\"article:publisher\" content=\"https:\/\/www.facebook.com\/lmlawgroupcanada\" \/>\n<meta property=\"article:modified_time\" content=\"2025-02-10T20:00:40+00:00\" \/>\n<meta name=\"twitter:card\" content=\"summary_large_image\" \/>\n<meta name=\"twitter:label1\" content=\"Dur\u00e9e de lecture estim\u00e9e\" \/>\n\t<meta name=\"twitter:data1\" content=\"1 minute\" \/>\n<script type=\"application\/ld+json\" class=\"yoast-schema-graph\">{\"@context\":\"https:\\\/\\\/schema.org\",\"@graph\":[{\"@type\":\"WebPage\",\"@id\":\"https:\\\/\\\/lmlawgroup.com\\\/fr\\\/contact\\\/\",\"url\":\"https:\\\/\\\/lmlawgroup.com\\\/fr\\\/contact\\\/\",\"name\":\"Contact - LM Law Group - Canadian Immigration Lawyers\",\"isPartOf\":{\"@id\":\"https:\\\/\\\/lmlawgroup.com\\\/fr\\\/#website\"},\"datePublished\":\"2024-05-07T22:19:28+00:00\",\"dateModified\":\"2025-02-10T20:00:40+00:00\",\"breadcrumb\":{\"@id\":\"https:\\\/\\\/lmlawgroup.com\\\/fr\\\/contact\\\/#breadcrumb\"},\"inLanguage\":\"fr-FR\",\"potentialAction\":[{\"@type\":\"ReadAction\",\"target\":[\"https:\\\/\\\/lmlawgroup.com\\\/fr\\\/contact\\\/\"]}]},{\"@type\":\"BreadcrumbList\",\"@id\":\"https:\\\/\\\/lmlawgroup.com\\\/fr\\\/contact\\\/#breadcrumb\",\"itemListElement\":[{\"@type\":\"ListItem\",\"position\":1,\"name\":\"Home\",\"item\":\"https:\\\/\\\/lmlawgroup.com\\\/fr\\\/\"},{\"@type\":\"ListItem\",\"position\":2,\"name\":\"Contact\"}]},{\"@type\":\"WebSite\",\"@id\":\"https:\\\/\\\/lmlawgroup.com\\\/fr\\\/#website\",\"url\":\"https:\\\/\\\/lmlawgroup.com\\\/fr\\\/\",\"name\":\"LM Law Group - Canadian Immigration Lawyers\",\"description\":\"Navigating borders.\",\"publisher\":{\"@id\":\"https:\\\/\\\/lmlawgroup.com\\\/fr\\\/#organization\"},\"potentialAction\":[{\"@type\":\"SearchAction\",\"target\":{\"@type\":\"EntryPoint\",\"urlTemplate\":\"https:\\\/\\\/lmlawgroup.com\\\/fr\\\/?s={search_term_string}\"},\"query-input\":{\"@type\":\"PropertyValueSpecification\",\"valueRequired\":true,\"valueName\":\"search_term_string\"}}],\"inLanguage\":\"fr-FR\"},{\"@type\":\"Organization\",\"@id\":\"https:\\\/\\\/lmlawgroup.com\\\/fr\\\/#organization\",\"name\":\"LM Law Group - Canadian Immigration Lawyers\",\"url\":\"https:\\\/\\\/lmlawgroup.com\\\/fr\\\/\",\"logo\":{\"@type\":\"ImageObject\",\"inLanguage\":\"fr-FR\",\"@id\":\"https:\\\/\\\/lmlawgroup.com\\\/fr\\\/#\\\/schema\\\/logo\\\/image\\\/\",\"url\":\"https:\\\/\\\/lmlawgroup.com\\\/wp-content\\\/uploads\\\/2024\\\/08\\\/LM_Primary_RGB_M.svg\",\"contentUrl\":\"https:\\\/\\\/lmlawgroup.com\\\/wp-content\\\/uploads\\\/2024\\\/08\\\/LM_Primary_RGB_M.svg\",\"width\":500,\"height\":95,\"caption\":\"LM Law Group - Canadian Immigration Lawyers\"},\"image\":{\"@id\":\"https:\\\/\\\/lmlawgroup.com\\\/fr\\\/#\\\/schema\\\/logo\\\/image\\\/\"},\"sameAs\":[\"https:\\\/\\\/www.facebook.com\\\/lmlawgroupcanada\",\"https:\\\/\\\/www.instagram.com\\\/lmlawgroup\",\"https:\\\/\\\/www.linkedin.com\\\/company\\\/lmlawgroupcanada\"]}]}<\/script>\n<!-- \/ Yoast SEO plugin. -->","yoast_head_json":{"title":"Contact - LM Law Group - Canadian Immigration Lawyers","robots":{"index":"index","follow":"follow","max-snippet":"max-snippet:-1","max-image-preview":"max-image-preview:large","max-video-preview":"max-video-preview:-1"},"canonical":"https:\/\/lmlawgroup.com\/fr\/contact\/","og_locale":"fr_FR","og_type":"article","og_title":"Contact - LM Law Group - Canadian Immigration Lawyers","og_description":"Contactez nos avocats immigration 416.548.9101 1.888.796.3331 inquiries@lmlawgroup.com Chez LM Law Group, nous sommes conscients de l&#8217;importance de votre d\u00e9cision de venir au Canada, que ce soit pour votre entreprise, vos \u00e9tudes ou votre mode de vie. Nous sommes heureux de discuter de la mani\u00e8re dont nous pouvons r\u00e9pondre \u00e0 vos besoins juridiques. En soumettant ce [&hellip;]","og_url":"https:\/\/lmlawgroup.com\/fr\/contact\/","og_site_name":"LM Law Group - Canadian Immigration Lawyers","article_publisher":"https:\/\/www.facebook.com\/lmlawgroupcanada","article_modified_time":"2025-02-10T20:00:40+00:00","twitter_card":"summary_large_image","twitter_misc":{"Dur\u00e9e de lecture estim\u00e9e":"1 minute"},"schema":{"@context":"https:\/\/schema.org","@graph":[{"@type":"WebPage","@id":"https:\/\/lmlawgroup.com\/fr\/contact\/","url":"https:\/\/lmlawgroup.com\/fr\/contact\/","name":"Contact - LM Law Group - Canadian Immigration Lawyers","isPartOf":{"@id":"https:\/\/lmlawgroup.com\/fr\/#website"},"datePublished":"2024-05-07T22:19:28+00:00","dateModified":"2025-02-10T20:00:40+00:00","breadcrumb":{"@id":"https:\/\/lmlawgroup.com\/fr\/contact\/#breadcrumb"},"inLanguage":"fr-FR","potentialAction":[{"@type":"ReadAction","target":["https:\/\/lmlawgroup.com\/fr\/contact\/"]}]},{"@type":"BreadcrumbList","@id":"https:\/\/lmlawgroup.com\/fr\/contact\/#breadcrumb","itemListElement":[{"@type":"ListItem","position":1,"name":"Home","item":"https:\/\/lmlawgroup.com\/fr\/"},{"@type":"ListItem","position":2,"name":"Contact"}]},{"@type":"WebSite","@id":"https:\/\/lmlawgroup.com\/fr\/#website","url":"https:\/\/lmlawgroup.com\/fr\/","name":"LM Law Group - Canadian Immigration Lawyers","description":"Navigating borders.","publisher":{"@id":"https:\/\/lmlawgroup.com\/fr\/#organization"},"potentialAction":[{"@type":"SearchAction","target":{"@type":"EntryPoint","urlTemplate":"https:\/\/lmlawgroup.com\/fr\/?s={search_term_string}"},"query-input":{"@type":"PropertyValueSpecification","valueRequired":true,"valueName":"search_term_string"}}],"inLanguage":"fr-FR"},{"@type":"Organization","@id":"https:\/\/lmlawgroup.com\/fr\/#organization","name":"LM Law Group - Canadian Immigration Lawyers","url":"https:\/\/lmlawgroup.com\/fr\/","logo":{"@type":"ImageObject","inLanguage":"fr-FR","@id":"https:\/\/lmlawgroup.com\/fr\/#\/schema\/logo\/image\/","url":"https:\/\/lmlawgroup.com\/wp-content\/uploads\/2024\/08\/LM_Primary_RGB_M.svg","contentUrl":"https:\/\/lmlawgroup.com\/wp-content\/uploads\/2024\/08\/LM_Primary_RGB_M.svg","width":500,"height":95,"caption":"LM Law Group - Canadian Immigration Lawyers"},"image":{"@id":"https:\/\/lmlawgroup.com\/fr\/#\/schema\/logo\/image\/"},"sameAs":["https:\/\/www.facebook.com\/lmlawgroupcanada","https:\/\/www.instagram.com\/lmlawgroup","https:\/\/www.linkedin.com\/company\/lmlawgroupcanada"]}]}},"_links":{"self":[{"href":"https:\/\/lmlawgroup.com\/fr\/wp-json\/wp\/v2\/pages\/4345","targetHints":{"allow":["GET"]}}],"collection":[{"href":"https:\/\/lmlawgroup.com\/fr\/wp-json\/wp\/v2\/pages"}],"about":[{"href":"https:\/\/lmlawgroup.com\/fr\/wp-json\/wp\/v2\/types\/page"}],"author":[{"embeddable":true,"href":"https:\/\/lmlawgroup.com\/fr\/wp-json\/wp\/v2\/users\/4"}],"replies":[{"embeddable":true,"href":"https:\/\/lmlawgroup.com\/fr\/wp-json\/wp\/v2\/comments?post=4345"}],"version-history":[{"count":1,"href":"https:\/\/lmlawgroup.com\/fr\/wp-json\/wp\/v2\/pages\/4345\/revisions"}],"predecessor-version":[{"id":4346,"href":"https:\/\/lmlawgroup.com\/fr\/wp-json\/wp\/v2\/pages\/4345\/revisions\/4346"}],"wp:attachment":[{"href":"https:\/\/lmlawgroup.com\/fr\/wp-json\/wp\/v2\/media?parent=4345"}],"curies":[{"name":"wp","href":"https:\/\/api.w.org\/{rel}","templated":true}]}}