{"id":4297,"date":"2024-05-07T18:18:05","date_gmt":"2024-05-07T18:18:05","guid":{"rendered":"http:\/\/lmlawgroup.com\/a-propos-de-nous\/"},"modified":"2024-11-19T02:02:59","modified_gmt":"2024-11-19T02:02:59","slug":"a-propos-de-nous","status":"publish","type":"page","link":"https:\/\/lmlawgroup.com\/fr\/a-propos-de-nous\/","title":{"rendered":"A propos de nous"},"content":{"rendered":"\t\t<div data-elementor-type=\"wp-page\" data-elementor-id=\"4297\" class=\"elementor elementor-4297 elementor-40\" data-elementor-post-type=\"page\">\n\t\t\t\t<div class=\"elementor-element elementor-element-a250b52 e-con-full e-flex e-con e-parent\" data-id=\"a250b52\" data-element_type=\"container\" data-e-type=\"container\">\n\t\t<div class=\"elementor-element elementor-element-dc53aa0 e-flex e-con-boxed e-con e-child\" data-id=\"dc53aa0\" data-element_type=\"container\" data-e-type=\"container\" data-settings=\"{&quot;background_background&quot;:&quot;classic&quot;}\">\n\t\t\t\t\t<div class=\"e-con-inner\">\n\t\t\t\t<div class=\"elementor-element elementor-element-00261ef e-transform elementor-widget elementor-widget-heading\" data-id=\"00261ef\" data-element_type=\"widget\" data-e-type=\"widget\" data-settings=\"{&quot;_transform_scaleX_effect&quot;:{&quot;unit&quot;:&quot;px&quot;,&quot;size&quot;:&quot;&quot;,&quot;sizes&quot;:[]},&quot;_transform_scaleX_effect_tablet&quot;:{&quot;unit&quot;:&quot;px&quot;,&quot;size&quot;:&quot;&quot;,&quot;sizes&quot;:[]},&quot;_transform_scaleX_effect_mobile&quot;:{&quot;unit&quot;:&quot;px&quot;,&quot;size&quot;:&quot;&quot;,&quot;sizes&quot;:[]},&quot;_transform_scaleY_effect&quot;:{&quot;unit&quot;:&quot;px&quot;,&quot;size&quot;:&quot;&quot;,&quot;sizes&quot;:[]},&quot;_transform_scaleY_effect_tablet&quot;:{&quot;unit&quot;:&quot;px&quot;,&quot;size&quot;:&quot;&quot;,&quot;sizes&quot;:[]},&quot;_transform_scaleY_effect_mobile&quot;:{&quot;unit&quot;:&quot;px&quot;,&quot;size&quot;:&quot;&quot;,&quot;sizes&quot;:[]}}\" data-widget_type=\"heading.default\">\n\t\t\t\t<div class=\"elementor-widget-container\">\n\t\t\t\t\t<h1 class=\"elementor-heading-title elementor-size-default\">A propos de nous<\/h1>\t\t\t\t<\/div>\n\t\t\t\t<\/div>\n\t\t\t\t\t<\/div>\n\t\t\t\t<\/div>\n\t\t\t\t<\/div>\n\t\t<div class=\"elementor-element elementor-element-28efc37 e-con-full e-flex e-con e-parent\" data-id=\"28efc37\" data-element_type=\"container\" data-e-type=\"container\">\n\t\t<div class=\"elementor-element elementor-element-ff3c0d0 e-flex e-con-boxed e-con e-child\" data-id=\"ff3c0d0\" data-element_type=\"container\" data-e-type=\"container\" data-settings=\"{&quot;background_background&quot;:&quot;classic&quot;}\">\n\t\t\t\t\t<div class=\"e-con-inner\">\n\t\t\t\t<div class=\"elementor-element elementor-element-5fcce90 elementor-widget-mobile__width-inherit elementor-widget elementor-widget-text-editor\" data-id=\"5fcce90\" data-element_type=\"widget\" data-e-type=\"widget\" data-widget_type=\"text-editor.default\">\n\t\t\t\t<div class=\"elementor-widget-container\">\n\t\t\t\t\t\t\t\t\t<p><strong>L&#8217;histoire de chaque immigrant est unique et, par cons\u00e9quent, chaque chemin vers l&#8217;immigration doit l&#8217;\u00eatre \u00e9galement. Nos avocats examinent attentivement chaque cas et \u00e9laborent des solutions d&#8217;immigration sur mesure. Ainsi, si vous souhaitez venir au Canada pour am\u00e9liorer votre vie et celle de votre famille, nous trouverons une solution qui vous conviendra.    <\/strong><\/p>\n\t\t\t\t\t\t\t\t<\/div>\n\t\t\t\t<\/div>\n\t\t\t\t\t<\/div>\n\t\t\t\t<\/div>\n\t\t\t\t<\/div>\n\t\t<div class=\"elementor-element elementor-element-92e3c44 e-con-full e-flex e-con e-parent\" data-id=\"92e3c44\" data-element_type=\"container\" data-e-type=\"container\">\n\t\t<div class=\"elementor-element elementor-element-4d21e2f e-flex e-con-boxed e-con e-child\" data-id=\"4d21e2f\" data-element_type=\"container\" data-e-type=\"container\">\n\t\t\t\t\t<div class=\"e-con-inner\">\n\t\t\t\t<div class=\"elementor-element elementor-element-e511407 e-transform elementor-widget elementor-widget-heading\" data-id=\"e511407\" data-element_type=\"widget\" data-e-type=\"widget\" data-settings=\"{&quot;_transform_scaleX_effect&quot;:{&quot;unit&quot;:&quot;px&quot;,&quot;size&quot;:&quot;&quot;,&quot;sizes&quot;:[]},&quot;_transform_scaleX_effect_tablet&quot;:{&quot;unit&quot;:&quot;px&quot;,&quot;size&quot;:&quot;&quot;,&quot;sizes&quot;:[]},&quot;_transform_scaleX_effect_mobile&quot;:{&quot;unit&quot;:&quot;px&quot;,&quot;size&quot;:&quot;&quot;,&quot;sizes&quot;:[]},&quot;_transform_scaleY_effect&quot;:{&quot;unit&quot;:&quot;px&quot;,&quot;size&quot;:&quot;&quot;,&quot;sizes&quot;:[]},&quot;_transform_scaleY_effect_tablet&quot;:{&quot;unit&quot;:&quot;px&quot;,&quot;size&quot;:&quot;&quot;,&quot;sizes&quot;:[]},&quot;_transform_scaleY_effect_mobile&quot;:{&quot;unit&quot;:&quot;px&quot;,&quot;size&quot;:&quot;&quot;,&quot;sizes&quot;:[]}}\" data-widget_type=\"heading.default\">\n\t\t\t\t<div class=\"elementor-widget-container\">\n\t\t\t\t\t<h1 class=\"elementor-heading-title elementor-size-default\">Nos avocats<\/h1>\t\t\t\t<\/div>\n\t\t\t\t<\/div>\n\t\t\t\t\t<\/div>\n\t\t\t\t<\/div>\n\t\t\t\t<\/div>\n\t\t<div class=\"elementor-element elementor-element-57c75b7 e-flex e-con-boxed e-con e-parent\" data-id=\"57c75b7\" data-element_type=\"container\" data-e-type=\"container\">\n\t\t\t\t\t<div class=\"e-con-inner\">\n\t\t<div class=\"elementor-element elementor-element-ae10aab e-con-full e-flex e-con e-child\" data-id=\"ae10aab\" data-element_type=\"container\" data-e-type=\"container\">\n\t\t\t\t<div class=\"elementor-element elementor-element-ac556b1 lawyers-posts elementor-grid-2 elementor-grid-tablet-2 elementor-grid-mobile-1 elementor-posts--thumbnail-top elementor-widget elementor-widget-posts\" data-id=\"ac556b1\" data-element_type=\"widget\" data-e-type=\"widget\" data-settings=\"{&quot;classic_columns&quot;:&quot;2&quot;,&quot;classic_columns_tablet&quot;:&quot;2&quot;,&quot;classic_columns_mobile&quot;:&quot;1&quot;,&quot;classic_row_gap&quot;:{&quot;unit&quot;:&quot;px&quot;,&quot;size&quot;:35,&quot;sizes&quot;:[]},&quot;classic_row_gap_tablet&quot;:{&quot;unit&quot;:&quot;px&quot;,&quot;size&quot;:&quot;&quot;,&quot;sizes&quot;:[]},&quot;classic_row_gap_mobile&quot;:{&quot;unit&quot;:&quot;px&quot;,&quot;size&quot;:&quot;&quot;,&quot;sizes&quot;:[]}}\" data-post-id=\"1201\" data-widget_type=\"posts.classic\">\n\t\t\t\t<div class=\"elementor-widget-container\">\n\t\t\t\t\t\t\t<div class=\"elementor-posts-container elementor-posts elementor-posts--skin-classic elementor-grid\" role=\"list\">\n\t\t\t\t<article class=\"elementor-post elementor-grid-item post-4882 lawyers type-lawyers status-publish has-post-thumbnail hentry\" role=\"listitem\">\n\t\t\t\t<a class=\"elementor-post__thumbnail__link\" href=\"https:\/\/lmlawgroup.com\/fr\/lawyers\/elizabeth-long-associee\/\" tabindex=\"-1\" >\n\t\t\t<div class=\"elementor-post__thumbnail\"><img fetchpriority=\"high\" decoding=\"async\" width=\"800\" height=\"800\" src=\"https:\/\/lmlawgroup.com\/wp-content\/uploads\/2024\/07\/Elizabeth-Long-1.jpg\" class=\"attachment-full size-full wp-image-4884\" alt=\"\" srcset=\"https:\/\/lmlawgroup.com\/wp-content\/uploads\/2024\/07\/Elizabeth-Long-1.jpg 800w, https:\/\/lmlawgroup.com\/wp-content\/uploads\/2024\/07\/Elizabeth-Long-1-300x300.jpg 300w, https:\/\/lmlawgroup.com\/wp-content\/uploads\/2024\/07\/Elizabeth-Long-1-150x150.jpg 150w, https:\/\/lmlawgroup.com\/wp-content\/uploads\/2024\/07\/Elizabeth-Long-1-768x768.jpg 768w\" sizes=\"(max-width: 800px) 100vw, 800px\" \/><\/div>\n\t\t<\/a>\n\t\t\t\t<div class=\"elementor-post__text\">\n\t\t\t\t<h3 class=\"elementor-post__title\">\n\t\t\t<a href=\"https:\/\/lmlawgroup.com\/fr\/lawyers\/elizabeth-long-associee\/\" >\n\t\t\t\tElizabeth Long \\ Partenaire\t\t\t<\/a>\n\t\t<\/h3>\n\t\t\t\t<div class=\"elementor-post__excerpt\">\n\t\t\t<p><a href=\"mailto:elong@lmlawgroup.com\">elong@lmlawgroup.com<\/a><\/p>\n\t\t<\/div>\n\t\t\n\t\t<a class=\"elementor-post__read-more\" href=\"https:\/\/lmlawgroup.com\/fr\/lawyers\/elizabeth-long-associee\/\" aria-label=\"Read more about Elizabeth Long \\ Partenaire\" tabindex=\"-1\" >\n\t\t\t\t\t<\/a>\n\n\t\t\t\t<\/div>\n\t\t\t\t<\/article>\n\t\t\t\t<article class=\"elementor-post elementor-grid-item post-4919 lawyers type-lawyers status-publish has-post-thumbnail hentry\" role=\"listitem\">\n\t\t\t\t<a class=\"elementor-post__thumbnail__link\" href=\"https:\/\/lmlawgroup.com\/fr\/lawyers\/aadil-mangalji-partenaire\/\" tabindex=\"-1\" >\n\t\t\t<div class=\"elementor-post__thumbnail\"><img decoding=\"async\" width=\"800\" height=\"800\" src=\"https:\/\/lmlawgroup.com\/wp-content\/uploads\/2024\/07\/Aadil-Mangalji-1.jpg\" class=\"attachment-full size-full wp-image-4921\" alt=\"\" srcset=\"https:\/\/lmlawgroup.com\/wp-content\/uploads\/2024\/07\/Aadil-Mangalji-1.jpg 800w, https:\/\/lmlawgroup.com\/wp-content\/uploads\/2024\/07\/Aadil-Mangalji-1-300x300.jpg 300w, https:\/\/lmlawgroup.com\/wp-content\/uploads\/2024\/07\/Aadil-Mangalji-1-150x150.jpg 150w, https:\/\/lmlawgroup.com\/wp-content\/uploads\/2024\/07\/Aadil-Mangalji-1-768x768.jpg 768w\" sizes=\"(max-width: 800px) 100vw, 800px\" \/><\/div>\n\t\t<\/a>\n\t\t\t\t<div class=\"elementor-post__text\">\n\t\t\t\t<h3 class=\"elementor-post__title\">\n\t\t\t<a href=\"https:\/\/lmlawgroup.com\/fr\/lawyers\/aadil-mangalji-partenaire\/\" >\n\t\t\t\tAadil Mangalji \\ Partenaire\t\t\t<\/a>\n\t\t<\/h3>\n\t\t\t\t<div class=\"elementor-post__excerpt\">\n\t\t\t<p><a href=\"mailto:aadil@lmlawgroup.com\">aadil@lmlawgroup.com<\/a><\/p>\n\t\t<\/div>\n\t\t\n\t\t<a class=\"elementor-post__read-more\" href=\"https:\/\/lmlawgroup.com\/fr\/lawyers\/aadil-mangalji-partenaire\/\" aria-label=\"Read more about Aadil Mangalji \\ Partenaire\" tabindex=\"-1\" >\n\t\t\t\t\t<\/a>\n\n\t\t\t\t<\/div>\n\t\t\t\t<\/article>\n\t\t\t\t<article class=\"elementor-post elementor-grid-item post-4877 lawyers type-lawyers status-publish has-post-thumbnail hentry\" role=\"listitem\">\n\t\t\t\t<a class=\"elementor-post__thumbnail__link\" href=\"https:\/\/lmlawgroup.com\/fr\/lawyers\/ziah-sumar\/\" tabindex=\"-1\" >\n\t\t\t<div class=\"elementor-post__thumbnail\"><img decoding=\"async\" width=\"2375\" height=\"2377\" src=\"https:\/\/lmlawgroup.com\/wp-content\/uploads\/2024\/07\/Ziah-Sumar-1.jpg\" class=\"attachment-full size-full wp-image-4879\" alt=\"\" srcset=\"https:\/\/lmlawgroup.com\/wp-content\/uploads\/2024\/07\/Ziah-Sumar-1.jpg 2375w, https:\/\/lmlawgroup.com\/wp-content\/uploads\/2024\/07\/Ziah-Sumar-1-300x300.jpg 300w, https:\/\/lmlawgroup.com\/wp-content\/uploads\/2024\/07\/Ziah-Sumar-1-1024x1024.jpg 1024w, https:\/\/lmlawgroup.com\/wp-content\/uploads\/2024\/07\/Ziah-Sumar-1-150x150.jpg 150w, https:\/\/lmlawgroup.com\/wp-content\/uploads\/2024\/07\/Ziah-Sumar-1-768x769.jpg 768w, https:\/\/lmlawgroup.com\/wp-content\/uploads\/2024\/07\/Ziah-Sumar-1-1536x1536.jpg 1536w, https:\/\/lmlawgroup.com\/wp-content\/uploads\/2024\/07\/Ziah-Sumar-1-2046x2048.jpg 2046w\" sizes=\"(max-width: 2375px) 100vw, 2375px\" \/><\/div>\n\t\t<\/a>\n\t\t\t\t<div class=\"elementor-post__text\">\n\t\t\t\t<h3 class=\"elementor-post__title\">\n\t\t\t<a href=\"https:\/\/lmlawgroup.com\/fr\/lawyers\/ziah-sumar\/\" >\n\t\t\t\tZiah Sumar \\ Partenaire\t\t\t<\/a>\n\t\t<\/h3>\n\t\t\t\t<div class=\"elementor-post__excerpt\">\n\t\t\t<p><a href=\"mailto:zsumar@lmlawgroup.com\">zsumar@lmlawgroup.com<\/a><\/p>\n\t\t<\/div>\n\t\t\n\t\t<a class=\"elementor-post__read-more\" href=\"https:\/\/lmlawgroup.com\/fr\/lawyers\/ziah-sumar\/\" aria-label=\"Read more about Ziah Sumar \\ Partenaire\" tabindex=\"-1\" >\n\t\t\t\t\t<\/a>\n\n\t\t\t\t<\/div>\n\t\t\t\t<\/article>\n\t\t\t\t<article class=\"elementor-post elementor-grid-item post-4781 lawyers type-lawyers status-publish has-post-thumbnail hentry\" role=\"listitem\">\n\t\t\t\t<a class=\"elementor-post__thumbnail__link\" href=\"https:\/\/lmlawgroup.com\/fr\/lawyers\/mary-mcdonald\/\" tabindex=\"-1\" >\n\t\t\t<div class=\"elementor-post__thumbnail\"><img loading=\"lazy\" decoding=\"async\" width=\"800\" height=\"800\" src=\"https:\/\/lmlawgroup.com\/wp-content\/uploads\/2024\/07\/Mary-McDonald-1.jpg\" class=\"attachment-full size-full wp-image-4783\" alt=\"\" srcset=\"https:\/\/lmlawgroup.com\/wp-content\/uploads\/2024\/07\/Mary-McDonald-1.jpg 800w, https:\/\/lmlawgroup.com\/wp-content\/uploads\/2024\/07\/Mary-McDonald-1-300x300.jpg 300w, https:\/\/lmlawgroup.com\/wp-content\/uploads\/2024\/07\/Mary-McDonald-1-150x150.jpg 150w, https:\/\/lmlawgroup.com\/wp-content\/uploads\/2024\/07\/Mary-McDonald-1-768x768.jpg 768w\" sizes=\"(max-width: 800px) 100vw, 800px\" \/><\/div>\n\t\t<\/a>\n\t\t\t\t<div class=\"elementor-post__text\">\n\t\t\t\t<h3 class=\"elementor-post__title\">\n\t\t\t<a href=\"https:\/\/lmlawgroup.com\/fr\/lawyers\/mary-mcdonald\/\" >\n\t\t\t\tMary McDonald \\ Associ\u00e9e\t\t\t<\/a>\n\t\t<\/h3>\n\t\t\t\t<div class=\"elementor-post__excerpt\">\n\t\t\t<p><a href=\"mailto:mmcdonald@lmlawgroup.com\">  mmcdonald@lmlawgroup.com<\/a><\/p>\n\t\t<\/div>\n\t\t\n\t\t<a class=\"elementor-post__read-more\" href=\"https:\/\/lmlawgroup.com\/fr\/lawyers\/mary-mcdonald\/\" aria-label=\"Read more about Mary McDonald \\ Associ\u00e9e\" tabindex=\"-1\" >\n\t\t\t\t\t<\/a>\n\n\t\t\t\t<\/div>\n\t\t\t\t<\/article>\n\t\t\t\t<article class=\"elementor-post elementor-grid-item post-5552 lawyers type-lawyers status-publish has-post-thumbnail hentry\" role=\"listitem\">\n\t\t\t\t<a class=\"elementor-post__thumbnail__link\" href=\"https:\/\/lmlawgroup.com\/fr\/lawyers\/jaclyn-medeiros-associee\/\" tabindex=\"-1\" >\n\t\t\t<div class=\"elementor-post__thumbnail\"><img loading=\"lazy\" decoding=\"async\" width=\"800\" height=\"800\" src=\"https:\/\/lmlawgroup.com\/wp-content\/uploads\/2024\/11\/Jaclyn_1.jpg\" class=\"attachment-full size-full wp-image-5545\" alt=\"\" srcset=\"https:\/\/lmlawgroup.com\/wp-content\/uploads\/2024\/11\/Jaclyn_1.jpg 800w, https:\/\/lmlawgroup.com\/wp-content\/uploads\/2024\/11\/Jaclyn_1-300x300.jpg 300w, https:\/\/lmlawgroup.com\/wp-content\/uploads\/2024\/11\/Jaclyn_1-150x150.jpg 150w, https:\/\/lmlawgroup.com\/wp-content\/uploads\/2024\/11\/Jaclyn_1-768x768.jpg 768w\" sizes=\"(max-width: 800px) 100vw, 800px\" \/><\/div>\n\t\t<\/a>\n\t\t\t\t<div class=\"elementor-post__text\">\n\t\t\t\t<h3 class=\"elementor-post__title\">\n\t\t\t<a href=\"https:\/\/lmlawgroup.com\/fr\/lawyers\/jaclyn-medeiros-associee\/\" >\n\t\t\t\tJaclyn Medeiros Associ\u00e9e\t\t\t<\/a>\n\t\t<\/h3>\n\t\t\t\t<div class=\"elementor-post__excerpt\">\n\t\t\t<p><a href=\"mailto:jmedeiros@lmlawgroup.com\">  jmedeiros@lmlawgroup.com<\/a><\/p>\n\t\t<\/div>\n\t\t\n\t\t<a class=\"elementor-post__read-more\" href=\"https:\/\/lmlawgroup.com\/fr\/lawyers\/jaclyn-medeiros-associee\/\" aria-label=\"Read more about Jaclyn Medeiros Associ\u00e9e\" tabindex=\"-1\" >\n\t\t\t\t\t<\/a>\n\n\t\t\t\t<\/div>\n\t\t\t\t<\/article>\n\t\t\t\t<\/div>\n\t\t\n\t\t\t\t\t\t<\/div>\n\t\t\t\t<\/div>\n\t\t\t\t<\/div>\n\t\t\t\t\t<\/div>\n\t\t\t\t<\/div>\n\t\t<div class=\"elementor-element elementor-element-69e6230 e-flex e-con-boxed e-con e-parent\" data-id=\"69e6230\" data-element_type=\"container\" data-e-type=\"container\">\n\t\t\t\t\t<div class=\"e-con-inner\">\n\t\t<div class=\"elementor-element elementor-element-4be4da9 e-flex e-con-boxed e-con e-child\" data-id=\"4be4da9\" data-element_type=\"container\" data-e-type=\"container\">\n\t\t\t\t\t<div class=\"e-con-inner\">\n\t\t<div class=\"elementor-element elementor-element-38e7963 e-flex e-con-boxed e-con e-child\" data-id=\"38e7963\" data-element_type=\"container\" data-e-type=\"container\">\n\t\t\t\t\t<div class=\"e-con-inner\">\n\t\t\t\t<div class=\"elementor-element elementor-element-3abd289 elementor-widget__width-initial elementor-widget elementor-widget-heading\" data-id=\"3abd289\" data-element_type=\"widget\" data-e-type=\"widget\" data-widget_type=\"heading.default\">\n\t\t\t\t<div class=\"elementor-widget-container\">\n\t\t\t\t\t<h1 class=\"elementor-heading-title elementor-size-default\">D\u00e9couvrez comment nous pouvons vous aider, prenez rendez-vous pour une consultation<\/h1>\t\t\t\t<\/div>\n\t\t\t\t<\/div>\n\t\t<div class=\"elementor-element elementor-element-606c58c e-flex e-con-boxed e-con e-child\" data-id=\"606c58c\" data-element_type=\"container\" data-e-type=\"container\">\n\t\t\t\t\t<div class=\"e-con-inner\">\n\t\t\t\t<div class=\"elementor-element elementor-element-cbcb652 elementor-align-right custom-btn elementor-widget elementor-widget-button\" data-id=\"cbcb652\" data-element_type=\"widget\" data-e-type=\"widget\" data-widget_type=\"button.default\">\n\t\t\t\t<div class=\"elementor-widget-container\">\n\t\t\t\t\t\t\t\t\t<div class=\"elementor-button-wrapper\">\n\t\t\t\t\t<a class=\"elementor-button elementor-button-link elementor-size-sm\" href=\"https:\/\/lmlawgroup.com\/fr\/contact\/\">\n\t\t\t\t\t\t<span class=\"elementor-button-content-wrapper\">\n\t\t\t\t\t\t<span class=\"elementor-button-icon\">\n\t\t\t\t<svg xmlns=\"http:\/\/www.w3.org\/2000\/svg\" viewBox=\"0 0 14.28 24.48\"><defs><style>.cls-1{fill:#add136;}<\/style><\/defs><g id=\"Layer_2\" data-name=\"Layer 2\"><g id=\"Layer_1-2\" data-name=\"Layer 1\"><path class=\"cls-1\" d=\"M5.71,8.58a2,2,0,1,0,0-2.88,2,2,0,0,0,0,2.88M.61,3.48A2,2,0,0,0,3.49.6,2,2,0,0,0,.61,3.48M10.79,13.69a2,2,0,1,0,0-2.89,2.06,2.06,0,0,0,0,2.89M5.7,18.78a2,2,0,1,0,0-2.88,2,2,0,0,0,0,2.88M.6,23.88A2,2,0,1,0,.6,21a2,2,0,0,0,0,2.88\"><\/path><\/g><\/g><\/svg>\t\t\t<\/span>\n\t\t\t\t\t\t\t\t\t<span class=\"elementor-button-text\">Parlons-en<\/span>\n\t\t\t\t\t<\/span>\n\t\t\t\t\t<\/a>\n\t\t\t\t<\/div>\n\t\t\t\t\t\t\t\t<\/div>\n\t\t\t\t<\/div>\n\t\t\t\t\t<\/div>\n\t\t\t\t<\/div>\n\t\t\t\t\t<\/div>\n\t\t\t\t<\/div>\n\t\t\t\t\t<\/div>\n\t\t\t\t<\/div>\n\t\t\t\t\t<\/div>\n\t\t\t\t<\/div>\n\t\t\t\t<\/div>\n\t\t","protected":false},"excerpt":{"rendered":"<p>A propos de nous L&#8217;histoire de chaque immigrant est unique et, par cons\u00e9quent, chaque chemin vers l&#8217;immigration doit l&#8217;\u00eatre \u00e9galement. Nos avocats examinent attentivement chaque cas et \u00e9laborent des solutions d&#8217;immigration sur mesure. Ainsi, si vous souhaitez venir au Canada pour am\u00e9liorer votre vie et celle de votre famille, nous trouverons une solution qui vous [&hellip;]<\/p>\n","protected":false},"author":4,"featured_media":0,"parent":0,"menu_order":0,"comment_status":"closed","ping_status":"closed","template":"","meta":{"_acf_changed":false,"footnotes":""},"class_list":["post-4297","page","type-page","status-publish","hentry"],"acf":[],"yoast_head":"<!-- This site is optimized with the Yoast SEO plugin v27.4 - https:\/\/yoast.com\/product\/yoast-seo-wordpress\/ -->\n<title>A propos de nous - LM Law Group - Canadian Immigration Lawyers<\/title>\n<meta name=\"robots\" content=\"index, follow, max-snippet:-1, max-image-preview:large, max-video-preview:-1\" \/>\n<link rel=\"canonical\" href=\"https:\/\/lmlawgroup.com\/fr\/a-propos-de-nous\/\" \/>\n<meta property=\"og:locale\" content=\"fr_FR\" \/>\n<meta property=\"og:type\" content=\"article\" \/>\n<meta property=\"og:title\" content=\"A propos de nous - LM Law Group - Canadian Immigration Lawyers\" \/>\n<meta property=\"og:description\" content=\"A propos de nous L&#8217;histoire de chaque immigrant est unique et, par cons\u00e9quent, chaque chemin vers l&#8217;immigration doit l&#8217;\u00eatre \u00e9galement. Nos avocats examinent attentivement chaque cas et \u00e9laborent des solutions d&#8217;immigration sur mesure. Ainsi, si vous souhaitez venir au Canada pour am\u00e9liorer votre vie et celle de votre famille, nous trouverons une solution qui vous [&hellip;]\" \/>\n<meta property=\"og:url\" content=\"https:\/\/lmlawgroup.com\/fr\/a-propos-de-nous\/\" \/>\n<meta property=\"og:site_name\" content=\"LM Law Group - Canadian Immigration Lawyers\" \/>\n<meta property=\"article:publisher\" content=\"https:\/\/www.facebook.com\/lmlawgroupcanada\" \/>\n<meta property=\"article:modified_time\" content=\"2024-11-19T02:02:59+00:00\" \/>\n<meta name=\"twitter:card\" content=\"summary_large_image\" \/>\n<script type=\"application\/ld+json\" class=\"yoast-schema-graph\">{\"@context\":\"https:\\\/\\\/schema.org\",\"@graph\":[{\"@type\":\"WebPage\",\"@id\":\"https:\\\/\\\/lmlawgroup.com\\\/fr\\\/a-propos-de-nous\\\/\",\"url\":\"https:\\\/\\\/lmlawgroup.com\\\/fr\\\/a-propos-de-nous\\\/\",\"name\":\"A propos de nous - LM Law Group - Canadian Immigration Lawyers\",\"isPartOf\":{\"@id\":\"https:\\\/\\\/lmlawgroup.com\\\/fr\\\/#website\"},\"datePublished\":\"2024-05-07T18:18:05+00:00\",\"dateModified\":\"2024-11-19T02:02:59+00:00\",\"breadcrumb\":{\"@id\":\"https:\\\/\\\/lmlawgroup.com\\\/fr\\\/a-propos-de-nous\\\/#breadcrumb\"},\"inLanguage\":\"fr-FR\",\"potentialAction\":[{\"@type\":\"ReadAction\",\"target\":[\"https:\\\/\\\/lmlawgroup.com\\\/fr\\\/a-propos-de-nous\\\/\"]}]},{\"@type\":\"BreadcrumbList\",\"@id\":\"https:\\\/\\\/lmlawgroup.com\\\/fr\\\/a-propos-de-nous\\\/#breadcrumb\",\"itemListElement\":[{\"@type\":\"ListItem\",\"position\":1,\"name\":\"Home\",\"item\":\"https:\\\/\\\/lmlawgroup.com\\\/fr\\\/\"},{\"@type\":\"ListItem\",\"position\":2,\"name\":\"A propos de nous\"}]},{\"@type\":\"WebSite\",\"@id\":\"https:\\\/\\\/lmlawgroup.com\\\/fr\\\/#website\",\"url\":\"https:\\\/\\\/lmlawgroup.com\\\/fr\\\/\",\"name\":\"LM Law Group - Canadian Immigration Lawyers\",\"description\":\"Navigating borders.\",\"publisher\":{\"@id\":\"https:\\\/\\\/lmlawgroup.com\\\/fr\\\/#organization\"},\"potentialAction\":[{\"@type\":\"SearchAction\",\"target\":{\"@type\":\"EntryPoint\",\"urlTemplate\":\"https:\\\/\\\/lmlawgroup.com\\\/fr\\\/?s={search_term_string}\"},\"query-input\":{\"@type\":\"PropertyValueSpecification\",\"valueRequired\":true,\"valueName\":\"search_term_string\"}}],\"inLanguage\":\"fr-FR\"},{\"@type\":\"Organization\",\"@id\":\"https:\\\/\\\/lmlawgroup.com\\\/fr\\\/#organization\",\"name\":\"LM Law Group - Canadian Immigration Lawyers\",\"url\":\"https:\\\/\\\/lmlawgroup.com\\\/fr\\\/\",\"logo\":{\"@type\":\"ImageObject\",\"inLanguage\":\"fr-FR\",\"@id\":\"https:\\\/\\\/lmlawgroup.com\\\/fr\\\/#\\\/schema\\\/logo\\\/image\\\/\",\"url\":\"https:\\\/\\\/lmlawgroup.com\\\/wp-content\\\/uploads\\\/2024\\\/08\\\/LM_Primary_RGB_M.svg\",\"contentUrl\":\"https:\\\/\\\/lmlawgroup.com\\\/wp-content\\\/uploads\\\/2024\\\/08\\\/LM_Primary_RGB_M.svg\",\"width\":500,\"height\":95,\"caption\":\"LM Law Group - Canadian Immigration Lawyers\"},\"image\":{\"@id\":\"https:\\\/\\\/lmlawgroup.com\\\/fr\\\/#\\\/schema\\\/logo\\\/image\\\/\"},\"sameAs\":[\"https:\\\/\\\/www.facebook.com\\\/lmlawgroupcanada\",\"https:\\\/\\\/www.instagram.com\\\/lmlawgroup\",\"https:\\\/\\\/www.linkedin.com\\\/company\\\/lmlawgroupcanada\"]}]}<\/script>\n<!-- \/ Yoast SEO plugin. -->","yoast_head_json":{"title":"A propos de nous - LM Law Group - Canadian Immigration Lawyers","robots":{"index":"index","follow":"follow","max-snippet":"max-snippet:-1","max-image-preview":"max-image-preview:large","max-video-preview":"max-video-preview:-1"},"canonical":"https:\/\/lmlawgroup.com\/fr\/a-propos-de-nous\/","og_locale":"fr_FR","og_type":"article","og_title":"A propos de nous - LM Law Group - Canadian Immigration Lawyers","og_description":"A propos de nous L&#8217;histoire de chaque immigrant est unique et, par cons\u00e9quent, chaque chemin vers l&#8217;immigration doit l&#8217;\u00eatre \u00e9galement. Nos avocats examinent attentivement chaque cas et \u00e9laborent des solutions d&#8217;immigration sur mesure. Ainsi, si vous souhaitez venir au Canada pour am\u00e9liorer votre vie et celle de votre famille, nous trouverons une solution qui vous [&hellip;]","og_url":"https:\/\/lmlawgroup.com\/fr\/a-propos-de-nous\/","og_site_name":"LM Law Group - Canadian Immigration Lawyers","article_publisher":"https:\/\/www.facebook.com\/lmlawgroupcanada","article_modified_time":"2024-11-19T02:02:59+00:00","twitter_card":"summary_large_image","schema":{"@context":"https:\/\/schema.org","@graph":[{"@type":"WebPage","@id":"https:\/\/lmlawgroup.com\/fr\/a-propos-de-nous\/","url":"https:\/\/lmlawgroup.com\/fr\/a-propos-de-nous\/","name":"A propos de nous - LM Law Group - Canadian Immigration Lawyers","isPartOf":{"@id":"https:\/\/lmlawgroup.com\/fr\/#website"},"datePublished":"2024-05-07T18:18:05+00:00","dateModified":"2024-11-19T02:02:59+00:00","breadcrumb":{"@id":"https:\/\/lmlawgroup.com\/fr\/a-propos-de-nous\/#breadcrumb"},"inLanguage":"fr-FR","potentialAction":[{"@type":"ReadAction","target":["https:\/\/lmlawgroup.com\/fr\/a-propos-de-nous\/"]}]},{"@type":"BreadcrumbList","@id":"https:\/\/lmlawgroup.com\/fr\/a-propos-de-nous\/#breadcrumb","itemListElement":[{"@type":"ListItem","position":1,"name":"Home","item":"https:\/\/lmlawgroup.com\/fr\/"},{"@type":"ListItem","position":2,"name":"A propos de nous"}]},{"@type":"WebSite","@id":"https:\/\/lmlawgroup.com\/fr\/#website","url":"https:\/\/lmlawgroup.com\/fr\/","name":"LM Law Group - Canadian Immigration Lawyers","description":"Navigating borders.","publisher":{"@id":"https:\/\/lmlawgroup.com\/fr\/#organization"},"potentialAction":[{"@type":"SearchAction","target":{"@type":"EntryPoint","urlTemplate":"https:\/\/lmlawgroup.com\/fr\/?s={search_term_string}"},"query-input":{"@type":"PropertyValueSpecification","valueRequired":true,"valueName":"search_term_string"}}],"inLanguage":"fr-FR"},{"@type":"Organization","@id":"https:\/\/lmlawgroup.com\/fr\/#organization","name":"LM Law Group - Canadian Immigration Lawyers","url":"https:\/\/lmlawgroup.com\/fr\/","logo":{"@type":"ImageObject","inLanguage":"fr-FR","@id":"https:\/\/lmlawgroup.com\/fr\/#\/schema\/logo\/image\/","url":"https:\/\/lmlawgroup.com\/wp-content\/uploads\/2024\/08\/LM_Primary_RGB_M.svg","contentUrl":"https:\/\/lmlawgroup.com\/wp-content\/uploads\/2024\/08\/LM_Primary_RGB_M.svg","width":500,"height":95,"caption":"LM Law Group - Canadian Immigration Lawyers"},"image":{"@id":"https:\/\/lmlawgroup.com\/fr\/#\/schema\/logo\/image\/"},"sameAs":["https:\/\/www.facebook.com\/lmlawgroupcanada","https:\/\/www.instagram.com\/lmlawgroup","https:\/\/www.linkedin.com\/company\/lmlawgroupcanada"]}]}},"_links":{"self":[{"href":"https:\/\/lmlawgroup.com\/fr\/wp-json\/wp\/v2\/pages\/4297","targetHints":{"allow":["GET"]}}],"collection":[{"href":"https:\/\/lmlawgroup.com\/fr\/wp-json\/wp\/v2\/pages"}],"about":[{"href":"https:\/\/lmlawgroup.com\/fr\/wp-json\/wp\/v2\/types\/page"}],"author":[{"embeddable":true,"href":"https:\/\/lmlawgroup.com\/fr\/wp-json\/wp\/v2\/users\/4"}],"replies":[{"embeddable":true,"href":"https:\/\/lmlawgroup.com\/fr\/wp-json\/wp\/v2\/comments?post=4297"}],"version-history":[{"count":6,"href":"https:\/\/lmlawgroup.com\/fr\/wp-json\/wp\/v2\/pages\/4297\/revisions"}],"predecessor-version":[{"id":5567,"href":"https:\/\/lmlawgroup.com\/fr\/wp-json\/wp\/v2\/pages\/4297\/revisions\/5567"}],"wp:attachment":[{"href":"https:\/\/lmlawgroup.com\/fr\/wp-json\/wp\/v2\/media?parent=4297"}],"curies":[{"name":"wp","href":"https:\/\/api.w.org\/{rel}","templated":true}]}}